{"id":1821,"date":"2023-04-11T13:17:29","date_gmt":"2023-04-11T17:17:29","guid":{"rendered":"https:\/\/mloht.ca\/fr\/?page_id=1821"},"modified":"2023-06-11T20:15:35","modified_gmt":"2023-06-12T00:15:35","slug":"documents-importants","status":"publish","type":"page","link":"https:\/\/mloht.ca\/fr\/ressources\/documents-importants\/","title":{"rendered":"Documents Importants"},"content":{"rendered":"\n<div style=\"height:38px\" aria-hidden=\"true\" class=\"wp-block-spacer\"><\/div>\n\n\n\n<h2 class=\"wp-block-heading\">DOCUMENTS IMPORTANTS<\/h2>\n\n\n\n<div class=\"wp-block-columns has-background is-layout-flex wp-container-core-columns-is-layout-28f84493 wp-block-columns-is-layout-flex\" style=\"background-color:#f2f9fc00\">\n<div class=\"wp-block-column is-layout-flow wp-block-column-is-layout-flow\"><\/div>\n\n\n\n<div class=\"wp-block-column is-layout-flow wp-block-column-is-layout-flow\">\n<figure class=\"wp-block-image alignleft size-medium is-resized has-custom-border\"><a href=\"https:\/\/mloht.ca\/wp-content\/uploads\/2023\/05\/MLOHT-Year-End-Report-Narrative-Summary-.pdf\" target=\"_blank\" rel=\"noreferrer noopener\"><img loading=\"lazy\" decoding=\"async\" src=\"https:\/\/mloht.ca\/fr\/wp-content\/uploads\/sites\/2\/2023\/05\/22-23-300x300.jpg\" alt=\"\" class=\"wp-image-1850\" style=\"border-width:5px;border-radius:20px\" width=\"311\" height=\"321\" \/><\/a><figcaption class=\"wp-element-caption\"><strong><a href=\"https:\/\/mloht.ca\/wp-content\/uploads\/2023\/05\/MLOHT-Year-End-Report-Narrative-Summary-.pdf\" target=\"_blank\" rel=\"noreferrer noopener\">Rapport de fin d\u2019ann\u00e9e 2023-2023<\/a><\/strong><\/figcaption><\/figure>\n<\/div>\n\n\n\n<div class=\"wp-block-column is-layout-flow wp-block-column-is-layout-flow\">\n<figure class=\"wp-block-image alignleft size-medium has-custom-border\"><a href=\"https:\/\/mloht.ca\/wp-content\/uploads\/2022\/12\/OHT_path_forward.pdf\" target=\"_blank\" rel=\"noreferrer noopener\"><img decoding=\"async\" src=\"https:\/\/mloht.ca\/wp-content\/uploads\/2023\/03\/oht-path-forward-1-231x300.png\" alt=\"\" class=\"wp-image-1846\" style=\"border-width:5px;border-radius:20px\" \/><\/a><figcaption class=\"wp-element-caption\"><strong><a href=\"https:\/\/mloht.ca\/wp-content\/uploads\/2022\/12\/OHT_path_forward.pdf\" target=\"_blank\" rel=\"noreferrer noopener\">OHT Chemin vers l\u2019avant<\/a><\/strong><\/figcaption><\/figure>\n<\/div>\n<\/div>\n\n\n\n<div class=\"wp-block-columns has-background is-layout-flex wp-container-core-columns-is-layout-28f84493 wp-block-columns-is-layout-flex\" style=\"background-color:#f2f9fc00\">\n<div class=\"wp-block-column is-layout-flow wp-block-column-is-layout-flow\">\n<figure class=\"wp-block-image alignleft size-medium has-custom-border\"><a href=\"https:\/\/youtu.be\/j29A9Isvd4s\" target=\"_blank\" rel=\"noreferrer noopener\"><img decoding=\"async\" src=\"https:\/\/mloht.ca\/wp-content\/uploads\/2023\/03\/iande-232x300.png\" alt=\"\" class=\"wp-image-1891\" style=\"border-width:5px;border-radius:20px\" \/><\/a><figcaption class=\"wp-element-caption\"><strong><a href=\"https:\/\/youtu.be\/j29A9Isvd4s\" target=\"_blank\" rel=\"noreferrer noopener\">S\u00e9ance d\u2019information et de mobilisation MLOHT \u2013 octobre 2022<\/a><\/strong><\/figcaption><\/figure>\n<\/div>\n\n\n\n<div class=\"wp-block-column is-layout-flow wp-block-column-is-layout-flow\">\n<figure class=\"wp-block-image alignleft size-medium has-custom-border\"><a href=\"https:\/\/mloht.ca\/wp-content\/uploads\/2022\/11\/2022-05-12_Decision-Tool_V10-template.pdf\" target=\"_blank\" rel=\"noreferrer noopener\"><img decoding=\"async\" src=\"https:\/\/mloht.ca\/wp-content\/uploads\/2023\/03\/decisiontool-1-233x300.png\" alt=\"\" class=\"wp-image-1882\" style=\"border-width:5px;border-radius:20px\" \/><\/a><figcaption class=\"wp-element-caption\"><strong><a href=\"https:\/\/mloht.ca\/fr\/wp-content\/uploads\/sites\/2\/2022\/11\/2022-05-12_Decision-Tool_V10-template.pdf\" target=\"_blank\" rel=\"noreferrer noopener\">Outil de d\u00e9cision \u2013 Novembre 2022<\/a><\/strong><\/figcaption><\/figure>\n<\/div>\n\n\n\n<div class=\"wp-block-column is-layout-flow wp-block-column-is-layout-flow\">\n<figure class=\"wp-block-image alignleft size-medium is-resized has-custom-border\"><a href=\"https:\/\/mloht.ca\/wp-content\/uploads\/2023\/06\/2022-03-24_Decision-Making-Framework_FINAL.pdf\" target=\"_blank\" rel=\"noreferrer noopener\"><img loading=\"lazy\" decoding=\"async\" src=\"https:\/\/mloht.ca\/fr\/wp-content\/uploads\/sites\/2\/2023\/06\/dmf-300x300.jpg\" alt=\"\" class=\"wp-image-1862\" style=\"border-width:5px;border-radius:20px\" width=\"310\" height=\"310\" srcset=\"https:\/\/mloht.ca\/fr\/wp-content\/uploads\/sites\/2\/2023\/06\/dmf-300x300.jpg 300w, https:\/\/mloht.ca\/fr\/wp-content\/uploads\/sites\/2\/2023\/06\/dmf-150x150.jpg 150w, https:\/\/mloht.ca\/fr\/wp-content\/uploads\/sites\/2\/2023\/06\/dmf-768x768.jpg 768w, https:\/\/mloht.ca\/fr\/wp-content\/uploads\/sites\/2\/2023\/06\/dmf.jpg 800w\" sizes=\"auto, (max-width: 310px) 100vw, 310px\" \/><\/a><figcaption class=\"wp-element-caption\"><strong><a href=\"https:\/\/mloht.ca\/wp-content\/uploads\/2023\/06\/2022-03-24_Decision-Making-Framework_FINAL.pdf\" target=\"_blank\" rel=\"noreferrer noopener\">Cadre de prise de d\u00e9cision<\/a><\/strong><\/figcaption><\/figure>\n<\/div>\n<\/div>\n\n\n\n<div class=\"wp-block-columns has-background is-layout-flex wp-container-core-columns-is-layout-28f84493 wp-block-columns-is-layout-flex\" style=\"background-color:#ecf5e600\">\n<div class=\"wp-block-column is-layout-flow wp-block-column-is-layout-flow\">\n<figure class=\"wp-block-image alignleft size-medium is-resized has-custom-border\"><a href=\"https:\/\/mloht.ca\/wp-content\/uploads\/2023\/06\/2023-04-12_Request-for-MLOHT-Support_V12.pdf\" target=\"_blank\" rel=\"noreferrer noopener\"><img loading=\"lazy\" decoding=\"async\" src=\"https:\/\/mloht.ca\/fr\/wp-content\/uploads\/sites\/2\/2023\/06\/RFS-300x300.jpg\" alt=\"\" class=\"wp-image-1859\" style=\"border-width:5px;border-radius:20px\" width=\"302\" height=\"302\" srcset=\"https:\/\/mloht.ca\/fr\/wp-content\/uploads\/sites\/2\/2023\/06\/RFS-300x300.jpg 300w, https:\/\/mloht.ca\/fr\/wp-content\/uploads\/sites\/2\/2023\/06\/RFS-150x150.jpg 150w, https:\/\/mloht.ca\/fr\/wp-content\/uploads\/sites\/2\/2023\/06\/RFS-768x768.jpg 768w, https:\/\/mloht.ca\/fr\/wp-content\/uploads\/sites\/2\/2023\/06\/RFS.jpg 800w\" sizes=\"auto, (max-width: 302px) 100vw, 302px\" \/><\/a><figcaption class=\"wp-element-caption\"><strong><a href=\"https:\/\/mloht.ca\/wp-content\/uploads\/2023\/06\/2023-04-12_Request-for-MLOHT-Support_V12.pdf\" target=\"_blank\" rel=\"noreferrer noopener\">Demande d&rsquo;assistance MLOHT<\/a><a href=\"https:\/\/mloht.ca\/wp-content\/uploads\/2023\/06\/RFS.jpg\" target=\"_blank\" rel=\"noreferrer noopener\"> <\/a><\/strong><\/figcaption><\/figure>\n<\/div>\n\n\n\n<div class=\"wp-block-column is-layout-flow wp-block-column-is-layout-flow\">\n<figure class=\"wp-block-image alignleft size-medium is-resized has-custom-border\"><a href=\"https:\/\/mloht.ca\/wp-content\/uploads\/2023\/03\/2022-07-15_MLOHT-PHM-Plan-1.pdf\" target=\"_blank\" rel=\"noreferrer noopener\"><img loading=\"lazy\" decoding=\"async\" src=\"https:\/\/mloht.ca\/wp-content\/uploads\/2023\/03\/phm-247x300.png\" alt=\"\" class=\"wp-image-1868\" style=\"border-width:5px;border-radius:20px\" width=\"256\" height=\"310\" \/><\/a><figcaption class=\"wp-element-caption\"><strong><a href=\"https:\/\/mloht.ca\/wp-content\/uploads\/2022\/08\/2022-07-15_MLOHT-PHM-Plan.docx\" target=\"_blank\" rel=\"noreferrer noopener\">Plan de gestion et d\u2019\u00e9quit\u00e9 de la sant\u00e9 de la population du MLOHT \u2013 juillet 2022<\/a><\/strong><\/figcaption><\/figure>\n<\/div>\n\n\n\n<div class=\"wp-block-column is-layout-flow wp-block-column-is-layout-flow\">\n<figure class=\"wp-block-image alignleft size-medium has-custom-border\"><a href=\"https:\/\/mloht.ca\/wp-content\/uploads\/2022\/05\/Cohort_OHT_2021_22_MLOHT_Year_End_Narrative_Report.pdf\" target=\"_blank\" rel=\"noreferrer noopener\"><img decoding=\"async\" src=\"https:\/\/mloht.ca\/wp-content\/uploads\/2023\/03\/yearend-238x300.png\" alt=\"\" class=\"wp-image-1879\" style=\"border-width:5px;border-radius:20px\" \/><\/a><figcaption class=\"wp-element-caption\"><strong><a href=\"https:\/\/mloht.ca\/wp-content\/uploads\/2022\/05\/Cohort_OHT_2021_22_MLOHT_Year_End_Narrative_Report-1.pdf\" target=\"_blank\" rel=\"noreferrer noopener\">Rapport de fin d\u2019ann\u00e9e 2021-2022<\/a><\/strong><\/figcaption><\/figure>\n<\/div>\n<\/div>\n\n\n\n<div class=\"wp-block-columns has-background is-layout-flex wp-container-core-columns-is-layout-28f84493 wp-block-columns-is-layout-flex\" style=\"background-color:#f2f9fc00\">\n<div class=\"wp-block-column is-layout-flow wp-block-column-is-layout-flow\">\n<figure class=\"wp-block-image alignleft size-medium has-custom-border\"><a href=\"https:\/\/mloht.ca\/wp-content\/uploads\/2022\/04\/TPA-Continued-OHT-Implementation-Supports-Funding-Middlesex-London-OHT.pdf\" target=\"_blank\" rel=\"noreferrer noopener\"><img decoding=\"async\" src=\"https:\/\/mloht.ca\/wp-content\/uploads\/2023\/03\/ON-TPA-232x300.png\" alt=\"\" class=\"wp-image-1886\" style=\"border-width:5px;border-radius:20px\" \/><\/a><figcaption class=\"wp-element-caption\"><strong><a href=\"https:\/\/mloht.ca\/wp-content\/uploads\/2022\/04\/TPA-Continued-OHT-Implementation-Supports-Funding-Middlesex-London-OHT.pdf\" target=\"_blank\" rel=\"noreferrer noopener\">Accord de paiement de transfert \u2013 La poursuite de la mise en \u0153uvre de l\u2019 \u00c9SO soutient le financement \u2013 L\u2019\u00e9quipe Sant\u00e9 Ontario (\u00c9SO) Middlesex London 2022-2023<\/a><\/strong><\/figcaption><\/figure>\n<\/div>\n\n\n\n<div class=\"wp-block-column is-layout-flow wp-block-column-is-layout-flow\">\n<figure class=\"wp-block-image alignleft size-medium has-custom-border\"><a href=\"https:\/\/mloht.ca\/wp-content\/uploads\/2023\/03\/MLOHT_Coordinating_Council_List_March-2023.pdf\" target=\"_blank\" rel=\"noreferrer noopener\"><img decoding=\"async\" src=\"https:\/\/mloht.ca\/wp-content\/uploads\/2023\/03\/cc-232x300.png\" alt=\"\" class=\"wp-image-1897\" style=\"border-width:5px;border-radius:20px\" \/><\/a><figcaption class=\"wp-element-caption\"><strong><a href=\"https:\/\/mloht.ca\/wp-content\/uploads\/2022\/04\/2022-03-24_MLOHT_Coordinating-Council-List.pdf\" target=\"_blank\" rel=\"noreferrer noopener\">Liste des membres du Conseil de coordination <\/a><\/strong><\/figcaption><\/figure>\n<\/div>\n\n\n\n<div class=\"wp-block-column is-layout-flow wp-block-column-is-layout-flow\">\n<figure class=\"wp-block-image alignleft size-medium has-custom-border\"><a href=\"https:\/\/mloht.ca\/wp-content\/uploads\/2021\/11\/Western-Ontario-Health-OHT-Full-Application-FINAL.pdf\" target=\"_blank\" rel=\"noreferrer noopener\"><img decoding=\"async\" src=\"https:\/\/mloht.ca\/wp-content\/uploads\/2023\/03\/mlohtapp-232x300.png\" alt=\"\" class=\"wp-image-1901\" style=\"border-width:5px;border-radius:20px\" \/><\/a><figcaption class=\"wp-element-caption\"><strong><a href=\"https:\/\/mloht.ca\/wp-content\/uploads\/2021\/11\/Western-Ontario-Health-OHT-Full-Application-FINAL.pdf\" target=\"_blank\" rel=\"noreferrer noopener\">Demande soumise par l\u2019\u00e9quipe Sant\u00e9 Ontario de Middlesex London (anciennement l\u2019\u00e9quipe Sant\u00e9 Ontario Western) en vue de devenir une \u00e9quipe Sant\u00e9 Ontario<\/a><\/strong><\/figcaption><\/figure>\n<\/div>\n<\/div>\n\n\n\n<div class=\"wp-block-columns has-background is-layout-flex wp-container-core-columns-is-layout-28f84493 wp-block-columns-is-layout-flex\" style=\"background-color:#ecf5e600\">\n<div class=\"wp-block-column is-layout-flow wp-block-column-is-layout-flow\">\n<figure class=\"wp-block-image alignleft size-medium has-custom-border\"><a href=\"https:\/\/mloht.ca\/wp-content\/uploads\/2021\/11\/WOHT-Committment-Document.pdf\" target=\"_blank\" rel=\"noreferrer noopener\"><img decoding=\"async\" src=\"https:\/\/mloht.ca\/wp-content\/uploads\/2023\/03\/cd-237x300.png\" alt=\"\" class=\"wp-image-1909\" style=\"border-width:5px;border-radius:20px\" \/><\/a><figcaption class=\"wp-element-caption\"><strong><a href=\"https:\/\/mloht.ca\/wp-content\/uploads\/2021\/11\/WOHT-Committment-Document.pdf\" target=\"_blank\" rel=\"noreferrer noopener\">Document d\u2019engagement<\/a><\/strong><\/figcaption><\/figure>\n<\/div>\n\n\n\n<div class=\"wp-block-column is-layout-flow wp-block-column-is-layout-flow\">\n<figure class=\"wp-block-image size-medium is-resized has-custom-border\"><a href=\"https:\/\/mloht.ca\/wp-content\/uploads\/2023\/06\/2022-09-26_Simplified_MLOHT_Collaboration_Agreement.pdf\"><img loading=\"lazy\" decoding=\"async\" src=\"https:\/\/mloht.ca\/fr\/wp-content\/uploads\/sites\/2\/2023\/06\/sma-300x300.jpg\" alt=\"\" class=\"wp-image-1856\" style=\"border-width:5px;border-radius:20px\" width=\"312\" height=\"313\" srcset=\"https:\/\/mloht.ca\/fr\/wp-content\/uploads\/sites\/2\/2023\/06\/sma-300x300.jpg 300w, https:\/\/mloht.ca\/fr\/wp-content\/uploads\/sites\/2\/2023\/06\/sma-150x150.jpg 150w, https:\/\/mloht.ca\/fr\/wp-content\/uploads\/sites\/2\/2023\/06\/sma-768x768.jpg 768w, https:\/\/mloht.ca\/fr\/wp-content\/uploads\/sites\/2\/2023\/06\/sma.jpg 800w\" sizes=\"auto, (max-width: 312px) 100vw, 312px\" \/><\/a><figcaption class=\"wp-element-caption\"><strong><a href=\"https:\/\/mloht.ca\/wp-content\/uploads\/2023\/06\/2022-09-26_Simplified_MLOHT_Collaboration_Agreement.pdf\" target=\"_blank\" rel=\"noreferrer noopener\">Accord d&rsquo;adh\u00e9sion simplifi\u00e9 MLOHT<\/a><\/strong><\/figcaption><\/figure>\n<\/div>\n\n\n\n<div class=\"wp-block-column is-layout-flow wp-block-column-is-layout-flow\">\n<figure class=\"wp-block-image aligncenter size-medium has-custom-border\"><a href=\"https:\/\/mloht.ca\/wp-content\/uploads\/2021\/11\/September-2021_WOHT-Cluster-Agreement-Template.pdf\" target=\"_blank\" rel=\"noreferrer noopener\"><img decoding=\"async\" src=\"https:\/\/mloht.ca\/wp-content\/uploads\/2023\/03\/cat-233x300.png\" alt=\"\" class=\"wp-image-1915\" style=\"border-width:5px;border-radius:20px\" \/><\/a><figcaption class=\"wp-element-caption\"><strong><a href=\"https:\/\/mloht.ca\/wp-content\/uploads\/2021\/11\/September-2021_WOHT-Cluster-Agreement-Template.pdf\" target=\"_blank\" rel=\"noreferrer noopener\">Mod\u00e8le d\u2019accord de grappe (ou regroupement) de services<\/a><\/strong><\/figcaption><\/figure>\n<\/div>\n<\/div>\n","protected":false},"excerpt":{"rendered":"<p>DOCUMENTS IMPORTANTS<\/p>\n","protected":false},"author":2,"featured_media":0,"parent":82,"menu_order":3,"comment_status":"closed","ping_status":"closed","template":"","meta":{"advgb_blocks_editor_width":"","advgb_blocks_columns_visual_guide":"","site-sidebar-layout":"default","site-content-layout":"","ast-site-content-layout":"default","site-content-style":"default","site-sidebar-style":"default","ast-global-header-display":"","ast-banner-title-visibility":"","ast-main-header-display":"","ast-hfb-above-header-display":"","ast-hfb-below-header-display":"","ast-hfb-mobile-header-display":"","site-post-title":"disabled","ast-breadcrumbs-content":"","ast-featured-img":"","footer-sml-layout":"","ast-disable-related-posts":"","theme-transparent-header-meta":"","adv-header-id-meta":"","stick-header-meta":"","header-above-stick-meta":"","header-main-stick-meta":"","header-below-stick-meta":"","astra-migrate-meta-layouts":"default","ast-page-background-enabled":"default","ast-page-background-meta":{"desktop":{"background-color":"var(--ast-global-color-4)","background-image":"","background-repeat":"repeat","background-position":"center center","background-size":"auto","background-attachment":"scroll","background-type":"","background-media":"","overlay-type":"","overlay-color":"","overlay-opacity":"","overlay-gradient":""},"tablet":{"background-color":"","background-image":"","background-repeat":"repeat","background-position":"center center","background-size":"auto","background-attachment":"scroll","background-type":"","background-media":"","overlay-type":"","overlay-color":"","overlay-opacity":"","overlay-gradient":""},"mobile":{"background-color":"","background-image":"","background-repeat":"repeat","background-position":"center center","background-size":"auto","background-attachment":"scroll","background-type":"","background-media":"","overlay-type":"","overlay-color":"","overlay-opacity":"","overlay-gradient":""}},"ast-content-background-meta":{"desktop":{"background-color":"var(--ast-global-color-5)","background-image":"","background-repeat":"repeat","background-position":"center center","background-size":"auto","background-attachment":"scroll","background-type":"","background-media":"","overlay-type":"","overlay-color":"","overlay-opacity":"","overlay-gradient":""},"tablet":{"background-color":"var(--ast-global-color-5)","background-image":"","background-repeat":"repeat","background-position":"center center","background-size":"auto","background-attachment":"scroll","background-type":"","background-media":"","overlay-type":"","overlay-color":"","overlay-opacity":"","overlay-gradient":""},"mobile":{"background-color":"var(--ast-global-color-5)","background-image":"","background-repeat":"repeat","background-position":"center center","background-size":"auto","background-attachment":"scroll","background-type":"","background-media":"","overlay-type":"","overlay-color":"","overlay-opacity":"","overlay-gradient":""}},"footnotes":""},"class_list":["post-1821","page","type-page","status-publish","hentry"],"yoast_head":"<!-- This site is optimized with the Yoast SEO Premium plugin v27.2 (Yoast SEO v27.5) - https:\/\/yoast.com\/product\/yoast-seo-premium-wordpress\/ -->\n<title>Documents Importants - MLOHT<\/title>\n<meta name=\"robots\" content=\"index, follow, max-snippet:-1, max-image-preview:large, max-video-preview:-1\" \/>\n<link rel=\"canonical\" href=\"https:\/\/mloht.ca\/fr\/ressources\/documents-importants\/\" \/>\n<meta property=\"og:locale\" content=\"fr_CA\" \/>\n<meta property=\"og:type\" content=\"article\" \/>\n<meta property=\"og:title\" content=\"Documents Importants\" \/>\n<meta property=\"og:description\" content=\"DOCUMENTS IMPORTANTS\" \/>\n<meta property=\"og:url\" content=\"https:\/\/mloht.ca\/fr\/ressources\/documents-importants\/\" \/>\n<meta property=\"og:site_name\" content=\"MLOHT\" \/>\n<meta property=\"article:modified_time\" content=\"2023-06-12T00:15:35+00:00\" \/>\n<meta property=\"og:image\" content=\"https:\/\/mloht.ca\/fr\/wp-content\/uploads\/sites\/2\/2023\/05\/22-23-300x300.jpg\" \/>\n<meta name=\"twitter:card\" content=\"summary_large_image\" \/>\n<meta name=\"twitter:label1\" content=\"Estimation du temps de lecture\" \/>\n\t<meta name=\"twitter:data1\" content=\"4 minutes\" \/>\n<script type=\"application\/ld+json\" class=\"yoast-schema-graph\">{\"@context\":\"https:\\\/\\\/schema.org\",\"@graph\":[{\"@type\":\"WebPage\",\"@id\":\"https:\\\/\\\/mloht.ca\\\/fr\\\/ressources\\\/documents-importants\\\/\",\"url\":\"https:\\\/\\\/mloht.ca\\\/fr\\\/ressources\\\/documents-importants\\\/\",\"name\":\"Documents Importants - MLOHT\",\"isPartOf\":{\"@id\":\"https:\\\/\\\/mloht.ca\\\/fr\\\/#website\"},\"primaryImageOfPage\":{\"@id\":\"https:\\\/\\\/mloht.ca\\\/fr\\\/ressources\\\/documents-importants\\\/#primaryimage\"},\"image\":{\"@id\":\"https:\\\/\\\/mloht.ca\\\/fr\\\/ressources\\\/documents-importants\\\/#primaryimage\"},\"thumbnailUrl\":\"https:\\\/\\\/mloht.ca\\\/fr\\\/wp-content\\\/uploads\\\/sites\\\/2\\\/2023\\\/05\\\/22-23-300x300.jpg\",\"datePublished\":\"2023-04-11T17:17:29+00:00\",\"dateModified\":\"2023-06-12T00:15:35+00:00\",\"breadcrumb\":{\"@id\":\"https:\\\/\\\/mloht.ca\\\/fr\\\/ressources\\\/documents-importants\\\/#breadcrumb\"},\"inLanguage\":\"fr-CA\",\"potentialAction\":[{\"@type\":\"ReadAction\",\"target\":[\"https:\\\/\\\/mloht.ca\\\/fr\\\/ressources\\\/documents-importants\\\/\"]}]},{\"@type\":\"ImageObject\",\"inLanguage\":\"fr-CA\",\"@id\":\"https:\\\/\\\/mloht.ca\\\/fr\\\/ressources\\\/documents-importants\\\/#primaryimage\",\"url\":\"https:\\\/\\\/mloht.ca\\\/fr\\\/wp-content\\\/uploads\\\/sites\\\/2\\\/2023\\\/05\\\/22-23.jpg\",\"contentUrl\":\"https:\\\/\\\/mloht.ca\\\/fr\\\/wp-content\\\/uploads\\\/sites\\\/2\\\/2023\\\/05\\\/22-23.jpg\",\"width\":800,\"height\":800},{\"@type\":\"BreadcrumbList\",\"@id\":\"https:\\\/\\\/mloht.ca\\\/fr\\\/ressources\\\/documents-importants\\\/#breadcrumb\",\"itemListElement\":[{\"@type\":\"ListItem\",\"position\":1,\"name\":\"Home\",\"item\":\"https:\\\/\\\/mloht.ca\\\/fr\\\/\"},{\"@type\":\"ListItem\",\"position\":2,\"name\":\"Ressources\",\"item\":\"https:\\\/\\\/mloht.ca\\\/fr\\\/ressources\\\/\"},{\"@type\":\"ListItem\",\"position\":3,\"name\":\"Documents Importants\"}]},{\"@type\":\"WebSite\",\"@id\":\"https:\\\/\\\/mloht.ca\\\/fr\\\/#website\",\"url\":\"https:\\\/\\\/mloht.ca\\\/fr\\\/\",\"name\":\"MLOHT\",\"description\":\"\",\"publisher\":{\"@id\":\"https:\\\/\\\/mloht.ca\\\/fr\\\/#organization\"},\"potentialAction\":[{\"@type\":\"SearchAction\",\"target\":{\"@type\":\"EntryPoint\",\"urlTemplate\":\"https:\\\/\\\/mloht.ca\\\/fr\\\/?s={search_term_string}\"},\"query-input\":{\"@type\":\"PropertyValueSpecification\",\"valueRequired\":true,\"valueName\":\"search_term_string\"}}],\"inLanguage\":\"fr-CA\"},{\"@type\":\"Organization\",\"@id\":\"https:\\\/\\\/mloht.ca\\\/fr\\\/#organization\",\"name\":\"MLOHT\",\"url\":\"https:\\\/\\\/mloht.ca\\\/fr\\\/\",\"logo\":{\"@type\":\"ImageObject\",\"inLanguage\":\"fr-CA\",\"@id\":\"https:\\\/\\\/mloht.ca\\\/fr\\\/#\\\/schema\\\/logo\\\/image\\\/\",\"url\":\"https:\\\/\\\/mloht.ca\\\/fr\\\/wp-content\\\/uploads\\\/sites\\\/2\\\/2023\\\/03\\\/mloht-fr.png\",\"contentUrl\":\"https:\\\/\\\/mloht.ca\\\/fr\\\/wp-content\\\/uploads\\\/sites\\\/2\\\/2023\\\/03\\\/mloht-fr.png\",\"width\":600,\"height\":196,\"caption\":\"MLOHT\"},\"image\":{\"@id\":\"https:\\\/\\\/mloht.ca\\\/fr\\\/#\\\/schema\\\/logo\\\/image\\\/\"}}]}<\/script>\n<!-- \/ Yoast SEO Premium plugin. -->","yoast_head_json":{"title":"Documents Importants - MLOHT","robots":{"index":"index","follow":"follow","max-snippet":"max-snippet:-1","max-image-preview":"max-image-preview:large","max-video-preview":"max-video-preview:-1"},"canonical":"https:\/\/mloht.ca\/fr\/ressources\/documents-importants\/","og_locale":"fr_CA","og_type":"article","og_title":"Documents Importants","og_description":"DOCUMENTS IMPORTANTS","og_url":"https:\/\/mloht.ca\/fr\/ressources\/documents-importants\/","og_site_name":"MLOHT","article_modified_time":"2023-06-12T00:15:35+00:00","og_image":[{"url":"https:\/\/mloht.ca\/fr\/wp-content\/uploads\/sites\/2\/2023\/05\/22-23-300x300.jpg","type":"","width":"","height":""}],"twitter_card":"summary_large_image","twitter_misc":{"Estimation du temps de lecture":"4 minutes"},"schema":{"@context":"https:\/\/schema.org","@graph":[{"@type":"WebPage","@id":"https:\/\/mloht.ca\/fr\/ressources\/documents-importants\/","url":"https:\/\/mloht.ca\/fr\/ressources\/documents-importants\/","name":"Documents Importants - MLOHT","isPartOf":{"@id":"https:\/\/mloht.ca\/fr\/#website"},"primaryImageOfPage":{"@id":"https:\/\/mloht.ca\/fr\/ressources\/documents-importants\/#primaryimage"},"image":{"@id":"https:\/\/mloht.ca\/fr\/ressources\/documents-importants\/#primaryimage"},"thumbnailUrl":"https:\/\/mloht.ca\/fr\/wp-content\/uploads\/sites\/2\/2023\/05\/22-23-300x300.jpg","datePublished":"2023-04-11T17:17:29+00:00","dateModified":"2023-06-12T00:15:35+00:00","breadcrumb":{"@id":"https:\/\/mloht.ca\/fr\/ressources\/documents-importants\/#breadcrumb"},"inLanguage":"fr-CA","potentialAction":[{"@type":"ReadAction","target":["https:\/\/mloht.ca\/fr\/ressources\/documents-importants\/"]}]},{"@type":"ImageObject","inLanguage":"fr-CA","@id":"https:\/\/mloht.ca\/fr\/ressources\/documents-importants\/#primaryimage","url":"https:\/\/mloht.ca\/fr\/wp-content\/uploads\/sites\/2\/2023\/05\/22-23.jpg","contentUrl":"https:\/\/mloht.ca\/fr\/wp-content\/uploads\/sites\/2\/2023\/05\/22-23.jpg","width":800,"height":800},{"@type":"BreadcrumbList","@id":"https:\/\/mloht.ca\/fr\/ressources\/documents-importants\/#breadcrumb","itemListElement":[{"@type":"ListItem","position":1,"name":"Home","item":"https:\/\/mloht.ca\/fr\/"},{"@type":"ListItem","position":2,"name":"Ressources","item":"https:\/\/mloht.ca\/fr\/ressources\/"},{"@type":"ListItem","position":3,"name":"Documents Importants"}]},{"@type":"WebSite","@id":"https:\/\/mloht.ca\/fr\/#website","url":"https:\/\/mloht.ca\/fr\/","name":"MLOHT","description":"","publisher":{"@id":"https:\/\/mloht.ca\/fr\/#organization"},"potentialAction":[{"@type":"SearchAction","target":{"@type":"EntryPoint","urlTemplate":"https:\/\/mloht.ca\/fr\/?s={search_term_string}"},"query-input":{"@type":"PropertyValueSpecification","valueRequired":true,"valueName":"search_term_string"}}],"inLanguage":"fr-CA"},{"@type":"Organization","@id":"https:\/\/mloht.ca\/fr\/#organization","name":"MLOHT","url":"https:\/\/mloht.ca\/fr\/","logo":{"@type":"ImageObject","inLanguage":"fr-CA","@id":"https:\/\/mloht.ca\/fr\/#\/schema\/logo\/image\/","url":"https:\/\/mloht.ca\/fr\/wp-content\/uploads\/sites\/2\/2023\/03\/mloht-fr.png","contentUrl":"https:\/\/mloht.ca\/fr\/wp-content\/uploads\/sites\/2\/2023\/03\/mloht-fr.png","width":600,"height":196,"caption":"MLOHT"},"image":{"@id":"https:\/\/mloht.ca\/fr\/#\/schema\/logo\/image\/"}}]}},"coauthors":[],"author_meta":{"author_link":"https:\/\/mloht.ca\/fr\/author\/rashmi\/","display_name":"Rashmi Gupta"},"relative_dates":{"created":"Posted 3 ann\u00e9es ago","modified":"Updated 3 ann\u00e9es ago"},"absolute_dates":{"created":"Posted on 11 avril 2023","modified":"Updated on 11 juin 2023"},"absolute_dates_time":{"created":"Posted on 11 avril 2023 1:17 pm","modified":"Updated on 11 juin 2023 8:15 pm"},"featured_img_caption":"","featured_img":false,"series_order":"","_links":{"self":[{"href":"https:\/\/mloht.ca\/fr\/wp-json\/wp\/v2\/pages\/1821","targetHints":{"allow":["GET"]}}],"collection":[{"href":"https:\/\/mloht.ca\/fr\/wp-json\/wp\/v2\/pages"}],"about":[{"href":"https:\/\/mloht.ca\/fr\/wp-json\/wp\/v2\/types\/page"}],"author":[{"embeddable":true,"href":"https:\/\/mloht.ca\/fr\/wp-json\/wp\/v2\/users\/2"}],"replies":[{"embeddable":true,"href":"https:\/\/mloht.ca\/fr\/wp-json\/wp\/v2\/comments?post=1821"}],"version-history":[{"count":26,"href":"https:\/\/mloht.ca\/fr\/wp-json\/wp\/v2\/pages\/1821\/revisions"}],"predecessor-version":[{"id":1867,"href":"https:\/\/mloht.ca\/fr\/wp-json\/wp\/v2\/pages\/1821\/revisions\/1867"}],"up":[{"embeddable":true,"href":"https:\/\/mloht.ca\/fr\/wp-json\/wp\/v2\/pages\/82"}],"wp:attachment":[{"href":"https:\/\/mloht.ca\/fr\/wp-json\/wp\/v2\/media?parent=1821"}],"curies":[{"name":"wp","href":"https:\/\/api.w.org\/{rel}","templated":true}]}}