{"id":78,"date":"2023-03-07T22:52:07","date_gmt":"2023-03-08T03:52:07","guid":{"rendered":"https:\/\/mloht.ca\/?page_id=78"},"modified":"2023-10-17T12:42:04","modified_gmt":"2023-10-17T16:42:04","slug":"our-work","status":"publish","type":"page","link":"https:\/\/mloht.ca\/fr\/our-work\/","title":{"rendered":"Notre Travail"},"content":{"rendered":"\n<figure class=\"wp-block-image size-large is-resized advgb-dyn-dc034a44\"><img decoding=\"async\" src=\"https:\/\/mloht.ca\/wp-content\/uploads\/2023\/03\/MLOHT_ourwork-2400x1050-c-default-1-1024x448.jpg\" alt=\"\" class=\"wp-image-154\" style=\"width:1200px;height:525px\" \/><\/figure>\n\n\n\n<div style=\"height:100px\" aria-hidden=\"true\" class=\"wp-block-spacer\"><\/div>\n\n\n\n<h2 class=\"wp-block-heading advgb-dyn-6baf014f\" id=\"our-approach\">Notre approche de l\u2019am\u00e9lioration des soins de sant\u00e9 et de la cr\u00e9ation de meilleurs liens entre eux<\/h2>\n\n\n\n<h3 class=\"wp-block-heading advgb-dyn-cfc974a7\">Quadruple objectif ax\u00e9 sur l\u2019\u00e9quit\u00e9 en mati\u00e8re de sant\u00e9<\/h3>\n\n\n\n<p>Nous apporterons les am\u00e9liorations suivantes, en particulier pour les membres de notre collectivit\u00e9 qui pourraient \u00eatre marginalis\u00e9s ou mal desservis (p.&nbsp;ex. situation du logement, situation \u00e9conomique, langue parl\u00e9e):<\/p>\n\n\n\n<ul class=\"wp-block-list\">\n<li>meilleurs r\u00e9sultats en mati\u00e8re de sant\u00e9 pour les gens de notre collectivit\u00e9<\/li>\n\n\n\n<li>meilleure exp\u00e9rience patient\/client et partenaire de soins en ce qui a trait aux soins<\/li>\n\n\n\n<li>meilleure exp\u00e9rience des fournisseurs de soins de sant\u00e9<\/li>\n\n\n\n<li>meilleure valeur par personne<\/li>\n<\/ul>\n\n\n\n<ul class=\"wp-block-list\">\n<li>\u00e9quit\u00e9 en sant\u00e9<\/li>\n<\/ul>\n\n\n\n<figure class=\"wp-block-image aligncenter size-full is-resized advgb-dyn-59c53485\"><img loading=\"lazy\" decoding=\"async\" width=\"850\" height=\"850\" src=\"https:\/\/mloht.ca\/fr\/wp-content\/uploads\/sites\/2\/2023\/03\/quadruple-aim-french.png\" alt=\"\" class=\"wp-image-1709\" style=\"width:435px;height:435px\" srcset=\"https:\/\/mloht.ca\/fr\/wp-content\/uploads\/sites\/2\/2023\/03\/quadruple-aim-french.png 850w, https:\/\/mloht.ca\/fr\/wp-content\/uploads\/sites\/2\/2023\/03\/quadruple-aim-french-300x300.png 300w, https:\/\/mloht.ca\/fr\/wp-content\/uploads\/sites\/2\/2023\/03\/quadruple-aim-french-150x150.png 150w, https:\/\/mloht.ca\/fr\/wp-content\/uploads\/sites\/2\/2023\/03\/quadruple-aim-french-768x768.png 768w\" sizes=\"auto, (max-width: 850px) 100vw, 850px\" \/><\/figure>\n\n\n\n<div style=\"height:100px\" aria-hidden=\"true\" class=\"wp-block-spacer\"><\/div>\n\n\n\n<h3 class=\"wp-block-heading advgb-dyn-232c0d00\">Gestion de la sant\u00e9 de la population<\/h3>\n\n\n\n<p>La Ontario Health Team Coalition for Population Health Management (PHM) approuve la d\u00e9finition suivante de PHM:<\/p>\n\n\n\n<p>Un processus it\u00e9ratif qui implique la collecte de donn\u00e9es et d&rsquo;informations aupr\u00e8s de nombreux partenaires (y compris les fournisseurs de soins de sant\u00e9 non traditionnels) sur une population d\u00e9finie.\u202f Ces connaissances orientent la conception conjointe de solutions proactives, int\u00e9gr\u00e9es, centr\u00e9es sur la personne, rentables, \u00e9quitables et efficaces dans le but d&rsquo;am\u00e9liorer les r\u00e9sultats en mati\u00e8re de sant\u00e9 des individus. (Source: RISE\/HSPRN)\u202f<\/p>\n\n\n\n<p>Le processus de Gestion de la Sant\u00e9 de la Population comprend:\u202f<\/p>\n\n\n\n<ul class=\"wp-block-list\">\n<li>Identification de la population (y compris la collecte d&rsquo;informations individuelles sur les membres de la population afin de comprendre les besoins en mati\u00e8re de composition et de soins de la population (peut inclure des \u00e9valuations sanitaires et sociales)*<\/li>\n\n\n\n<li>Segmentation des besoins, des risques et des obstacles<\/li>\n\n\n\n<li>Co-conception de mod\u00e8les de soins centr\u00e9s sur la personne et de services<\/li>\n\n\n\n<li>Mise en \u0153uvre et port\u00e9e<\/li>\n<\/ul>\n\n\n\n<ul class=\"wp-block-list\">\n<li>Surveiller et \u00c9valuer<\/li>\n<\/ul>\n\n\n\n<pre class=\"wp-block-code advgb-dyn-40091da7\"><code><em>(Source: RISE avec une modification de Population Health Alliance et California\u2019s Department of Health Care Services*)\u202f<\/em><\/code><\/pre>\n\n\n\n<p>Nous comprenons:\u202f<\/p>\n\n\n\n<ul class=\"wp-block-list\">\n<li>Ces d\u00e9finitions doivent inclure les principes de l&rsquo;\u00c9quit\u00e9 en Sant\u00e9 et du Quadruple Objectif.<\/li>\n\n\n\n<li>Toute r\u00e9f\u00e9rence \u00e0 \u2018Population\u2019 dans un contexte OHT pour faire r\u00e9f\u00e9rence \u00e0 notre Population Attribu\u00e9e Compl\u00e8te.<\/li>\n<\/ul>\n\n\n\n<div style=\"height:17px\" aria-hidden=\"true\" class=\"wp-block-spacer\"><\/div>\n\n\n\n<figure class=\"wp-block-image aligncenter size-full\"><img decoding=\"async\" src=\"https:\/\/mloht.ca\/wp-content\/uploads\/2023\/03\/PHM-1-2-1024x322-1.png\" alt=\"\" class=\"wp-image-161\" \/><\/figure>\n\n\n\n<div style=\"height:17px\" aria-hidden=\"true\" class=\"wp-block-spacer\"><\/div>\n\n\n\n<h3 class=\"wp-block-heading advgb-dyn-fb757a09\">Population prioritaire initiale<\/h3>\n\n\n\n<p>L\u2019\u00c9SO Middlesex London mettra d\u2019abord l\u2019accent sur l\u2019am\u00e9lioration des soins de sant\u00e9 et des soutiens \u00e0 l\u2019intention de 2 000 \u00e0 3&nbsp;000 personnes qui vivent avec une maladie pulmonaire obstructive chronique (MPOC) \u00e0 un stade avanc\u00e9 ou avec une insuffisance cardiaque congestive (ICC), et&nbsp;qui ont besoin d\u2019une coordination des soins au niveau du syst\u00e8me ou d\u2019outils de navigation entre les services et qui courent un risque d\u2019hospitalisation plus \u00e9lev\u00e9.<\/p>\n\n\n\n<p>Nous soutiendrons \u00e9ventuellement une population de plus de 525&nbsp;000&nbsp;personnes pour combler leurs besoins en soins de sant\u00e9.<\/p>\n\n\n\n<figure class=\"wp-block-image aligncenter size-full is-resized advgb-dyn-82b224a7\"><img decoding=\"async\" src=\"https:\/\/mloht.ca\/wp-content\/uploads\/2023\/03\/MLOHT-OUR-PROJECTS-1024x576-1.png\" alt=\"\" class=\"wp-image-160\" style=\"width:-168px;height:-94px\" \/><\/figure>\n\n\n\n<div style=\"height:100px\" aria-hidden=\"true\" class=\"wp-block-spacer\"><\/div>\n\n\n\n<h2 class=\"wp-block-heading advgb-dyn-b96811db\" id=\"media-releases\">Communiqu\u00e9s de presse<\/h2>\n\n\n\n<div style=\"height:100px\" aria-hidden=\"true\" class=\"wp-block-spacer\"><\/div>\n\n\n\n<div style=\"height:32px\" aria-hidden=\"true\" class=\"wp-block-spacer\"><\/div>\n\n\n\n<hr class=\"wp-block-separator has-alpha-channel-opacity is-style-wide\" \/>\n","protected":false},"excerpt":{"rendered":"<p>Notre approche de l\u2019am\u00e9lioration des soins de sant\u00e9 et de la cr\u00e9ation de meilleurs liens entre eux Quadruple objectif ax\u00e9 sur l\u2019\u00e9quit\u00e9 en mati\u00e8re de sant\u00e9 Nous apporterons les am\u00e9liorations suivantes, en particulier pour les membres de notre collectivit\u00e9 qui pourraient \u00eatre marginalis\u00e9s ou mal desservis (p.&nbsp;ex. situation du logement, situation \u00e9conomique, langue parl\u00e9e): Gestion [&hellip;]<\/p>\n","protected":false},"author":1,"featured_media":0,"parent":0,"menu_order":0,"comment_status":"closed","ping_status":"closed","template":"","meta":{"advgb_blocks_editor_width":"","advgb_blocks_columns_visual_guide":"","site-sidebar-layout":"default","site-content-layout":"","ast-site-content-layout":"default","site-content-style":"default","site-sidebar-style":"default","ast-global-header-display":"","ast-banner-title-visibility":"","ast-main-header-display":"","ast-hfb-above-header-display":"","ast-hfb-below-header-display":"","ast-hfb-mobile-header-display":"","site-post-title":"","ast-breadcrumbs-content":"","ast-featured-img":"disabled","footer-sml-layout":"","ast-disable-related-posts":"","theme-transparent-header-meta":"","adv-header-id-meta":"","stick-header-meta":"","header-above-stick-meta":"","header-main-stick-meta":"","header-below-stick-meta":"","astra-migrate-meta-layouts":"set","ast-page-background-enabled":"default","ast-page-background-meta":{"desktop":{"background-color":"var(--ast-global-color-4)","background-image":"","background-repeat":"repeat","background-position":"center center","background-size":"auto","background-attachment":"scroll","background-type":"","background-media":"","overlay-type":"","overlay-color":"","overlay-opacity":"","overlay-gradient":""},"tablet":{"background-color":"","background-image":"","background-repeat":"repeat","background-position":"center center","background-size":"auto","background-attachment":"scroll","background-type":"","background-media":"","overlay-type":"","overlay-color":"","overlay-opacity":"","overlay-gradient":""},"mobile":{"background-color":"","background-image":"","background-repeat":"repeat","background-position":"center center","background-size":"auto","background-attachment":"scroll","background-type":"","background-media":"","overlay-type":"","overlay-color":"","overlay-opacity":"","overlay-gradient":""}},"ast-content-background-meta":{"desktop":{"background-color":"var(--ast-global-color-5)","background-image":"","background-repeat":"repeat","background-position":"center center","background-size":"auto","background-attachment":"scroll","background-type":"","background-media":"","overlay-type":"","overlay-color":"","overlay-opacity":"","overlay-gradient":""},"tablet":{"background-color":"var(--ast-global-color-5)","background-image":"","background-repeat":"repeat","background-position":"center center","background-size":"auto","background-attachment":"scroll","background-type":"","background-media":"","overlay-type":"","overlay-color":"","overlay-opacity":"","overlay-gradient":""},"mobile":{"background-color":"var(--ast-global-color-5)","background-image":"","background-repeat":"repeat","background-position":"center center","background-size":"auto","background-attachment":"scroll","background-type":"","background-media":"","overlay-type":"","overlay-color":"","overlay-opacity":"","overlay-gradient":""}},"footnotes":""},"class_list":["post-78","page","type-page","status-publish","hentry"],"yoast_head":"<!-- This site is optimized with the Yoast SEO Premium plugin v27.2 (Yoast SEO v27.5) - https:\/\/yoast.com\/product\/yoast-seo-premium-wordpress\/ -->\n<title>Notre Travail - MLOHT<\/title>\n<meta name=\"robots\" content=\"index, follow, max-snippet:-1, max-image-preview:large, max-video-preview:-1\" \/>\n<link rel=\"canonical\" href=\"https:\/\/mloht.ca\/fr\/our-work\/\" \/>\n<meta property=\"og:locale\" content=\"fr_CA\" \/>\n<meta property=\"og:type\" content=\"article\" \/>\n<meta property=\"og:title\" content=\"Notre Travail\" \/>\n<meta property=\"og:description\" content=\"Notre approche de l\u2019am\u00e9lioration des soins de sant\u00e9 et de la cr\u00e9ation de meilleurs liens entre eux Quadruple objectif ax\u00e9 sur l\u2019\u00e9quit\u00e9 en mati\u00e8re de sant\u00e9 Nous apporterons les am\u00e9liorations suivantes, en particulier pour les membres de notre collectivit\u00e9 qui pourraient \u00eatre marginalis\u00e9s ou mal desservis (p.&nbsp;ex. situation du logement, situation \u00e9conomique, langue parl\u00e9e): Gestion [&hellip;]\" \/>\n<meta property=\"og:url\" content=\"https:\/\/mloht.ca\/fr\/our-work\/\" \/>\n<meta property=\"og:site_name\" content=\"MLOHT\" \/>\n<meta property=\"article:modified_time\" content=\"2023-10-17T16:42:04+00:00\" \/>\n<meta property=\"og:image\" content=\"https:\/\/mloht.ca\/wp-content\/uploads\/2023\/03\/MLOHT_ourwork-2400x1050-c-default-1-1024x448.jpg\" \/>\n<meta name=\"twitter:card\" content=\"summary_large_image\" \/>\n<meta name=\"twitter:label1\" content=\"Estimation du temps de lecture\" \/>\n\t<meta name=\"twitter:data1\" content=\"3 minutes\" \/>\n<script type=\"application\/ld+json\" class=\"yoast-schema-graph\">{\"@context\":\"https:\\\/\\\/schema.org\",\"@graph\":[{\"@type\":\"WebPage\",\"@id\":\"https:\\\/\\\/mloht.ca\\\/fr\\\/our-work\\\/\",\"url\":\"https:\\\/\\\/mloht.ca\\\/fr\\\/our-work\\\/\",\"name\":\"Notre Travail - MLOHT\",\"isPartOf\":{\"@id\":\"https:\\\/\\\/mloht.ca\\\/fr\\\/#website\"},\"primaryImageOfPage\":{\"@id\":\"https:\\\/\\\/mloht.ca\\\/fr\\\/our-work\\\/#primaryimage\"},\"image\":{\"@id\":\"https:\\\/\\\/mloht.ca\\\/fr\\\/our-work\\\/#primaryimage\"},\"thumbnailUrl\":\"https:\\\/\\\/mloht.ca\\\/wp-content\\\/uploads\\\/2023\\\/03\\\/MLOHT_ourwork-2400x1050-c-default-1-1024x448.jpg\",\"datePublished\":\"2023-03-08T03:52:07+00:00\",\"dateModified\":\"2023-10-17T16:42:04+00:00\",\"breadcrumb\":{\"@id\":\"https:\\\/\\\/mloht.ca\\\/fr\\\/our-work\\\/#breadcrumb\"},\"inLanguage\":\"fr-CA\",\"potentialAction\":[{\"@type\":\"ReadAction\",\"target\":[\"https:\\\/\\\/mloht.ca\\\/fr\\\/our-work\\\/\"]}]},{\"@type\":\"ImageObject\",\"inLanguage\":\"fr-CA\",\"@id\":\"https:\\\/\\\/mloht.ca\\\/fr\\\/our-work\\\/#primaryimage\",\"url\":\"https:\\\/\\\/mloht.ca\\\/wp-content\\\/uploads\\\/2023\\\/03\\\/MLOHT_ourwork-2400x1050-c-default-1-1024x448.jpg\",\"contentUrl\":\"https:\\\/\\\/mloht.ca\\\/wp-content\\\/uploads\\\/2023\\\/03\\\/MLOHT_ourwork-2400x1050-c-default-1-1024x448.jpg\"},{\"@type\":\"BreadcrumbList\",\"@id\":\"https:\\\/\\\/mloht.ca\\\/fr\\\/our-work\\\/#breadcrumb\",\"itemListElement\":[{\"@type\":\"ListItem\",\"position\":1,\"name\":\"Home\",\"item\":\"https:\\\/\\\/mloht.ca\\\/fr\\\/\"},{\"@type\":\"ListItem\",\"position\":2,\"name\":\"Notre Travail\"}]},{\"@type\":\"WebSite\",\"@id\":\"https:\\\/\\\/mloht.ca\\\/fr\\\/#website\",\"url\":\"https:\\\/\\\/mloht.ca\\\/fr\\\/\",\"name\":\"MLOHT\",\"description\":\"\",\"publisher\":{\"@id\":\"https:\\\/\\\/mloht.ca\\\/fr\\\/#organization\"},\"potentialAction\":[{\"@type\":\"SearchAction\",\"target\":{\"@type\":\"EntryPoint\",\"urlTemplate\":\"https:\\\/\\\/mloht.ca\\\/fr\\\/?s={search_term_string}\"},\"query-input\":{\"@type\":\"PropertyValueSpecification\",\"valueRequired\":true,\"valueName\":\"search_term_string\"}}],\"inLanguage\":\"fr-CA\"},{\"@type\":\"Organization\",\"@id\":\"https:\\\/\\\/mloht.ca\\\/fr\\\/#organization\",\"name\":\"MLOHT\",\"url\":\"https:\\\/\\\/mloht.ca\\\/fr\\\/\",\"logo\":{\"@type\":\"ImageObject\",\"inLanguage\":\"fr-CA\",\"@id\":\"https:\\\/\\\/mloht.ca\\\/fr\\\/#\\\/schema\\\/logo\\\/image\\\/\",\"url\":\"https:\\\/\\\/mloht.ca\\\/fr\\\/wp-content\\\/uploads\\\/sites\\\/2\\\/2023\\\/03\\\/mloht-fr.png\",\"contentUrl\":\"https:\\\/\\\/mloht.ca\\\/fr\\\/wp-content\\\/uploads\\\/sites\\\/2\\\/2023\\\/03\\\/mloht-fr.png\",\"width\":600,\"height\":196,\"caption\":\"MLOHT\"},\"image\":{\"@id\":\"https:\\\/\\\/mloht.ca\\\/fr\\\/#\\\/schema\\\/logo\\\/image\\\/\"}}]}<\/script>\n<!-- \/ Yoast SEO Premium plugin. -->","yoast_head_json":{"title":"Notre Travail - MLOHT","robots":{"index":"index","follow":"follow","max-snippet":"max-snippet:-1","max-image-preview":"max-image-preview:large","max-video-preview":"max-video-preview:-1"},"canonical":"https:\/\/mloht.ca\/fr\/our-work\/","og_locale":"fr_CA","og_type":"article","og_title":"Notre Travail","og_description":"Notre approche de l\u2019am\u00e9lioration des soins de sant\u00e9 et de la cr\u00e9ation de meilleurs liens entre eux Quadruple objectif ax\u00e9 sur l\u2019\u00e9quit\u00e9 en mati\u00e8re de sant\u00e9 Nous apporterons les am\u00e9liorations suivantes, en particulier pour les membres de notre collectivit\u00e9 qui pourraient \u00eatre marginalis\u00e9s ou mal desservis (p.&nbsp;ex. situation du logement, situation \u00e9conomique, langue parl\u00e9e): Gestion [&hellip;]","og_url":"https:\/\/mloht.ca\/fr\/our-work\/","og_site_name":"MLOHT","article_modified_time":"2023-10-17T16:42:04+00:00","og_image":[{"url":"https:\/\/mloht.ca\/wp-content\/uploads\/2023\/03\/MLOHT_ourwork-2400x1050-c-default-1-1024x448.jpg","type":"","width":"","height":""}],"twitter_card":"summary_large_image","twitter_misc":{"Estimation du temps de lecture":"3 minutes"},"schema":{"@context":"https:\/\/schema.org","@graph":[{"@type":"WebPage","@id":"https:\/\/mloht.ca\/fr\/our-work\/","url":"https:\/\/mloht.ca\/fr\/our-work\/","name":"Notre Travail - MLOHT","isPartOf":{"@id":"https:\/\/mloht.ca\/fr\/#website"},"primaryImageOfPage":{"@id":"https:\/\/mloht.ca\/fr\/our-work\/#primaryimage"},"image":{"@id":"https:\/\/mloht.ca\/fr\/our-work\/#primaryimage"},"thumbnailUrl":"https:\/\/mloht.ca\/wp-content\/uploads\/2023\/03\/MLOHT_ourwork-2400x1050-c-default-1-1024x448.jpg","datePublished":"2023-03-08T03:52:07+00:00","dateModified":"2023-10-17T16:42:04+00:00","breadcrumb":{"@id":"https:\/\/mloht.ca\/fr\/our-work\/#breadcrumb"},"inLanguage":"fr-CA","potentialAction":[{"@type":"ReadAction","target":["https:\/\/mloht.ca\/fr\/our-work\/"]}]},{"@type":"ImageObject","inLanguage":"fr-CA","@id":"https:\/\/mloht.ca\/fr\/our-work\/#primaryimage","url":"https:\/\/mloht.ca\/wp-content\/uploads\/2023\/03\/MLOHT_ourwork-2400x1050-c-default-1-1024x448.jpg","contentUrl":"https:\/\/mloht.ca\/wp-content\/uploads\/2023\/03\/MLOHT_ourwork-2400x1050-c-default-1-1024x448.jpg"},{"@type":"BreadcrumbList","@id":"https:\/\/mloht.ca\/fr\/our-work\/#breadcrumb","itemListElement":[{"@type":"ListItem","position":1,"name":"Home","item":"https:\/\/mloht.ca\/fr\/"},{"@type":"ListItem","position":2,"name":"Notre Travail"}]},{"@type":"WebSite","@id":"https:\/\/mloht.ca\/fr\/#website","url":"https:\/\/mloht.ca\/fr\/","name":"MLOHT","description":"","publisher":{"@id":"https:\/\/mloht.ca\/fr\/#organization"},"potentialAction":[{"@type":"SearchAction","target":{"@type":"EntryPoint","urlTemplate":"https:\/\/mloht.ca\/fr\/?s={search_term_string}"},"query-input":{"@type":"PropertyValueSpecification","valueRequired":true,"valueName":"search_term_string"}}],"inLanguage":"fr-CA"},{"@type":"Organization","@id":"https:\/\/mloht.ca\/fr\/#organization","name":"MLOHT","url":"https:\/\/mloht.ca\/fr\/","logo":{"@type":"ImageObject","inLanguage":"fr-CA","@id":"https:\/\/mloht.ca\/fr\/#\/schema\/logo\/image\/","url":"https:\/\/mloht.ca\/fr\/wp-content\/uploads\/sites\/2\/2023\/03\/mloht-fr.png","contentUrl":"https:\/\/mloht.ca\/fr\/wp-content\/uploads\/sites\/2\/2023\/03\/mloht-fr.png","width":600,"height":196,"caption":"MLOHT"},"image":{"@id":"https:\/\/mloht.ca\/fr\/#\/schema\/logo\/image\/"}}]}},"coauthors":[],"author_meta":{"author_link":"https:\/\/mloht.ca\/fr\/author\/bds\/","display_name":"bds"},"relative_dates":{"created":"Posted 3 ann\u00e9es ago","modified":"Updated 3 ann\u00e9es ago"},"absolute_dates":{"created":"Posted on 7 mars 2023","modified":"Updated on 17 octobre 2023"},"absolute_dates_time":{"created":"Posted on 7 mars 2023 10:52 pm","modified":"Updated on 17 octobre 2023 12:42 pm"},"featured_img_caption":"","featured_img":false,"series_order":"","_links":{"self":[{"href":"https:\/\/mloht.ca\/fr\/wp-json\/wp\/v2\/pages\/78","targetHints":{"allow":["GET"]}}],"collection":[{"href":"https:\/\/mloht.ca\/fr\/wp-json\/wp\/v2\/pages"}],"about":[{"href":"https:\/\/mloht.ca\/fr\/wp-json\/wp\/v2\/types\/page"}],"author":[{"embeddable":true,"href":"https:\/\/mloht.ca\/fr\/wp-json\/wp\/v2\/users\/1"}],"replies":[{"embeddable":true,"href":"https:\/\/mloht.ca\/fr\/wp-json\/wp\/v2\/comments?post=78"}],"version-history":[{"count":42,"href":"https:\/\/mloht.ca\/fr\/wp-json\/wp\/v2\/pages\/78\/revisions"}],"predecessor-version":[{"id":1919,"href":"https:\/\/mloht.ca\/fr\/wp-json\/wp\/v2\/pages\/78\/revisions\/1919"}],"wp:attachment":[{"href":"https:\/\/mloht.ca\/fr\/wp-json\/wp\/v2\/media?parent=78"}],"curies":[{"name":"wp","href":"https:\/\/api.w.org\/{rel}","templated":true}]}}