{"id":80,"date":"2023-03-07T22:52:20","date_gmt":"2023-03-07T22:52:20","guid":{"rendered":"https:\/\/mloht.ca\/?page_id=80"},"modified":"2023-03-23T15:13:18","modified_gmt":"2023-03-23T19:13:18","slug":"get-involved","status":"publish","type":"page","link":"https:\/\/mloht.ca\/fr\/get-involved\/","title":{"rendered":"Engagez-vous"},"content":{"rendered":"\n<p><\/p>\n\n\n\n<figure class=\"wp-block-image size-large\"><img loading=\"lazy\" decoding=\"async\" width=\"1024\" height=\"448\" src=\"https:\/\/mloht.ca\/fr\/wp-content\/uploads\/sites\/2\/2023\/03\/getinvolved-1024x448.jpeg\" alt=\"\" class=\"wp-image-1751\" srcset=\"https:\/\/mloht.ca\/fr\/wp-content\/uploads\/sites\/2\/2023\/03\/getinvolved-1024x448.jpeg 1024w, https:\/\/mloht.ca\/fr\/wp-content\/uploads\/sites\/2\/2023\/03\/getinvolved-300x131.jpeg 300w, https:\/\/mloht.ca\/fr\/wp-content\/uploads\/sites\/2\/2023\/03\/getinvolved-768x336.jpeg 768w, https:\/\/mloht.ca\/fr\/wp-content\/uploads\/sites\/2\/2023\/03\/getinvolved-1536x672.jpeg 1536w, https:\/\/mloht.ca\/fr\/wp-content\/uploads\/sites\/2\/2023\/03\/getinvolved-2048x896.jpeg 2048w\" sizes=\"auto, (max-width: 1024px) 100vw, 1024px\" \/><\/figure>\n\n\n\n<h2 class=\"wp-block-heading\" id=\"occasions-actuelles\">Occasions actuelles<\/h2>\n\n\n\n<p><strong>Co-responsable de la qualit\u00e9 et de l\u2019analyse (ressource en nature)<\/strong><\/p>\n\n\n\n<p>L\u2019\u00e9quipe Sant\u00e9 Ontario de Middlesex London (MLOHT) est \u00e0 la recherche d\u2019un penseur syst\u00e9mique poss\u00e9dant une exp\u00e9rience et une expertise en mati\u00e8re d\u2019am\u00e9lioration de la qualit\u00e9, d\u2019\u00e9valuation et d\u2019analyse pour travailler efficacement avec l\u2019\u00e9quipe des op\u00e9rations MLOHT, responsable de la sant\u00e9 de la population, responsable de la qualit\u00e9 et de l\u2019analyse, groupe consultatif de la qualit\u00e9 et de l\u2019analyse, et des groupes de travail sur la qualit\u00e9 et l\u2019analyse pour diriger notre travail d\u2019\u00e9valuation global. La date limite pour postuler est le 10 f\u00e9vrier 2023.<\/p>\n\n\n\n<p><strong><a href=\"https:\/\/mloht.ca\/wp-content\/uploads\/2023\/02\/2023-01-25_Quality-Analytics-Co-Lead.pdf\" target=\"_blank\" rel=\"noreferrer noopener\">\u00eatre impliqu\u00e9<\/a><\/strong><\/p>\n\n\n\n<hr class=\"wp-block-separator has-alpha-channel-opacity\" \/>\n\n\n\n<p><strong>Opportunit\u00e9s pour les<\/strong>&nbsp;<strong>patient\/client et partenaire des soins<\/strong><\/p>\n\n\n\n<p>Le Conseil patient\/client et partenaire des soins (PCPS) de l\u2019\u00e9quipe Sant\u00e9 Ontario de Middlesex London est \u00e0 la recherche de nouveaux membres! Le Conseil PCPS donne une voix aux patients\/clients et aux fournisseurs de soins pour mieux relier les soins de sant\u00e9 pour tous. Pour obtenir de plus amples renseignements, veuillez&nbsp;<strong><a href=\"https:\/\/mloht.ca\/fr\/nous-joindre\/\">communiquer avec nous<\/a><\/strong>.<\/p>\n\n\n\n<p>Voici d\u2019autres moyens de faire entendre votre voix et celle de vos patients\/clients\/proches aidants\/personnes soignantes, dans le cadre de notre processus d\u2019am\u00e9lioration des soins:<\/p>\n\n\n\n<ul class=\"wp-block-list\">\n<li>Participez \u00e0 l\u2019\u00e9laboration d\u2019un protocole de soins&nbsp;: travaillez avec des gens ayant des exp\u00e9riences concr\u00e8tes, des cliniciens, des administrateurs d\u2019organisation et des chercheurs afin d\u2019am\u00e9liorer les cheminements cliniques des patients en ce qui a trait \u00e0 la maladie pulmonaire obstructive chronique (MPOC) ou \u00e0 l\u2019insuffisance cardiaque congestive (ICC)<\/li>\n\n\n\n<li>Participez \u00e0 une entrevue avec nous ou \u00e9crivez-nous afin de nous raconter votre exp\u00e9rience personnelle en mati\u00e8re de soins de sant\u00e9<\/li>\n\n\n\n<li>Joignez-vous \u00e0 des groupes de discussion ou \u00e0 des s\u00e9ances de r\u00e9solution de probl\u00e8mes avec des fournisseurs de soins de sant\u00e9 (appel\u00e9s \u00ab&nbsp;s\u00e9ances de conception conjointe&nbsp;\u00bb)<\/li>\n<\/ul>\n\n\n\n<p><strong><a href=\"https:\/\/mloht.ca\/fr\/nous-joindre\/\">Communiquez avec nous<\/a><\/strong>&nbsp;si vous aimeriez nous aider \u00e0 mieux relier les soins de sant\u00e9 et \u00e0 am\u00e9liorer ensemble notre exp\u00e9rience en mati\u00e8re de soins de sant\u00e9!<\/p>\n\n\n\n<figure class=\"wp-block-image size-large is-resized\"><img loading=\"lazy\" decoding=\"async\" src=\"https:\/\/mloht.ca\/fr\/wp-content\/uploads\/sites\/2\/2021\/11\/opportunities-1024x683.jpg\" alt=\"Mother holding kid\" class=\"wp-image-200\" width=\"690\" height=\"460\" srcset=\"https:\/\/mloht.ca\/fr\/wp-content\/uploads\/sites\/2\/2021\/11\/opportunities-1024x683.jpg 1024w, https:\/\/mloht.ca\/fr\/wp-content\/uploads\/sites\/2\/2021\/11\/opportunities-300x200.jpg 300w, https:\/\/mloht.ca\/fr\/wp-content\/uploads\/sites\/2\/2021\/11\/opportunities-768x512.jpg 768w, https:\/\/mloht.ca\/fr\/wp-content\/uploads\/sites\/2\/2021\/11\/opportunities-1536x1024.jpg 1536w, https:\/\/mloht.ca\/fr\/wp-content\/uploads\/sites\/2\/2021\/11\/opportunities.jpg 1578w\" sizes=\"auto, (max-width: 690px) 100vw, 690px\" \/><\/figure>\n\n\n\n<div style=\"height:100px\" aria-hidden=\"true\" class=\"wp-block-spacer\"><\/div>\n\n\n\n<h2 class=\"wp-block-heading\" id=\"qualit-de-membre\">Membres de l\u2019\u00e9quipe Sant\u00e9 Ontario Middlesex London<\/h2>\n\n\n\n<p>Devenez membre de l\u2019\u00e9quipe Sant\u00e9 Ontario Middlesex London. Les membres soutiennent notre travail en vue d\u2019am\u00e9liorer ensemble notre exp\u00e9rience en mati\u00e8re de soins de sant\u00e9. Les membres signent l\u2019un des quatre types d\u2019accord:<\/p>\n\n\n\n<ul class=\"wp-block-list\">\n<li>Organisme de soins de sant\u00e9<\/li>\n\n\n\n<li>Organisme communautaire<\/li>\n\n\n\n<li>Membre individuel<\/li>\n\n\n\n<li>Grappe (ou regroupement) de services<\/li>\n<\/ul>\n\n\n\n<p>Tous les membres de l\u2019\u00c9SO Middlesex London participent volontairement aux am\u00e9liorations, aux initiatives et aux projets de l\u2019\u00c9SO Middlesex London.<br><br>Les membres peuvent \u00eatre invit\u00e9s \u00e0 apporter volontairement un soutien non&nbsp;financier (service en nature) ou encore des ressources financi\u00e8res \u00e0 l\u2019\u00c9SO Middlesex London; toutefois, il n\u2019existe pas d\u2019obligation financi\u00e8re pour devenir membre.<\/p>\n\n\n\n<p>Les membres peuvent aussi se joindre \u00e0 une \u00ab&nbsp;grappe&nbsp;\u00bb (p.&nbsp;ex. une grappe li\u00e9e aux foyers de soins de longue dur\u00e9e). Le repr\u00e9sentant ou la repr\u00e9sentante d\u2019une \u00ab&nbsp;grappe&nbsp;\u00bb donne une voix collective aux discussions et aux d\u00e9cisions du Conseil de coordination. Les \u00ab&nbsp;grappes&nbsp;\u00bb cr\u00e9ent leur propre processus pour la nomination des repr\u00e9sentants et des rempla\u00e7ants.<\/p>\n\n\n\n<p><strong><a href=\"https:\/\/mloht.ca\/fr\/nous-joindre\/\">Communiquez avec nous<\/a><\/strong>\u00a0pour vous renseigner plus \u00e0 fond sur la marche \u00e0 suivre afin de devenir membre ou pour officialiser votre qualit\u00e9 de membre.<\/p>\n\n\n\n<p><a href=\"https:\/\/mloht.ca\/wp-content\/uploads\/2021\/11\/September-2021_WOHT-Cluster-Agreement-Template.pdf\" target=\"_blank\" rel=\"noreferrer noopener\"><strong>Mod\u00e8le d&rsquo;accord de grappe (ou regroupement) de services<\/strong><\/a><\/p>\n\n\n\n<p><strong><a href=\"https:\/\/mloht.ca\/wp-content\/uploads\/2021\/11\/August-2021_WOHT-Community-Organization-Agreement-Template.pdf\" target=\"_blank\" rel=\"noreferrer noopener\">Mod\u00e8le d&rsquo;accord d&rsquo;organisme communautaire<\/a><\/strong><\/p>\n\n\n\n<p><strong><a href=\"https:\/\/mloht.ca\/wp-content\/uploads\/2021\/11\/August-2021_WOHT-Health-Organization-Collaborative-Agreement-Template.pdf\" target=\"_blank\" rel=\"noreferrer noopener\">Mod\u00e8le d&rsquo;accord de collaboration d&rsquo;organisation de soins de sant\u00e9<\/a><\/strong><\/p>\n\n\n\n<p><strong><a href=\"https:\/\/mloht.ca\/wp-content\/uploads\/2021\/11\/August-2021_WOHT-Individual-Member-Agreement-Template.pdf\" target=\"_blank\" rel=\"noreferrer noopener\">Mod\u00e8le d&rsquo;accord de membre individuel<\/a><\/strong><\/p>\n","protected":false},"excerpt":{"rendered":"<p>Occasions actuelles Co-responsable de la qualit\u00e9 et de l\u2019analyse (ressource en nature) L\u2019\u00e9quipe Sant\u00e9 Ontario de Middlesex London (MLOHT) est \u00e0 la recherche d\u2019un penseur syst\u00e9mique poss\u00e9dant une exp\u00e9rience et une expertise en mati\u00e8re d\u2019am\u00e9lioration de la qualit\u00e9, d\u2019\u00e9valuation et d\u2019analyse pour travailler efficacement avec l\u2019\u00e9quipe des op\u00e9rations MLOHT, responsable de la sant\u00e9 de la [&hellip;]<\/p>\n","protected":false},"author":1,"featured_media":0,"parent":0,"menu_order":0,"comment_status":"closed","ping_status":"closed","template":"","meta":{"advgb_blocks_editor_width":"","advgb_blocks_columns_visual_guide":"","site-sidebar-layout":"default","site-content-layout":"","ast-site-content-layout":"default","site-content-style":"default","site-sidebar-style":"default","ast-global-header-display":"","ast-banner-title-visibility":"","ast-main-header-display":"","ast-hfb-above-header-display":"","ast-hfb-below-header-display":"","ast-hfb-mobile-header-display":"","site-post-title":"","ast-breadcrumbs-content":"","ast-featured-img":"","footer-sml-layout":"","ast-disable-related-posts":"","theme-transparent-header-meta":"","adv-header-id-meta":"","stick-header-meta":"","header-above-stick-meta":"","header-main-stick-meta":"","header-below-stick-meta":"","astra-migrate-meta-layouts":"default","ast-page-background-enabled":"default","ast-page-background-meta":{"desktop":{"background-color":"var(--ast-global-color-4)","background-image":"","background-repeat":"repeat","background-position":"center center","background-size":"auto","background-attachment":"scroll","background-type":"","background-media":"","overlay-type":"","overlay-color":"","overlay-opacity":"","overlay-gradient":""},"tablet":{"background-color":"","background-image":"","background-repeat":"repeat","background-position":"center center","background-size":"auto","background-attachment":"scroll","background-type":"","background-media":"","overlay-type":"","overlay-color":"","overlay-opacity":"","overlay-gradient":""},"mobile":{"background-color":"","background-image":"","background-repeat":"repeat","background-position":"center center","background-size":"auto","background-attachment":"scroll","background-type":"","background-media":"","overlay-type":"","overlay-color":"","overlay-opacity":"","overlay-gradient":""}},"ast-content-background-meta":{"desktop":{"background-color":"var(--ast-global-color-5)","background-image":"","background-repeat":"repeat","background-position":"center center","background-size":"auto","background-attachment":"scroll","background-type":"","background-media":"","overlay-type":"","overlay-color":"","overlay-opacity":"","overlay-gradient":""},"tablet":{"background-color":"var(--ast-global-color-5)","background-image":"","background-repeat":"repeat","background-position":"center center","background-size":"auto","background-attachment":"scroll","background-type":"","background-media":"","overlay-type":"","overlay-color":"","overlay-opacity":"","overlay-gradient":""},"mobile":{"background-color":"var(--ast-global-color-5)","background-image":"","background-repeat":"repeat","background-position":"center center","background-size":"auto","background-attachment":"scroll","background-type":"","background-media":"","overlay-type":"","overlay-color":"","overlay-opacity":"","overlay-gradient":""}},"footnotes":""},"class_list":["post-80","page","type-page","status-publish","hentry"],"yoast_head":"<!-- This site is optimized with the Yoast SEO Premium plugin v27.2 (Yoast SEO v27.5) - https:\/\/yoast.com\/product\/yoast-seo-premium-wordpress\/ -->\n<title>Engagez-vous - MLOHT<\/title>\n<meta name=\"robots\" content=\"index, follow, max-snippet:-1, max-image-preview:large, max-video-preview:-1\" \/>\n<link rel=\"canonical\" href=\"https:\/\/mloht.ca\/fr\/get-involved\/\" \/>\n<meta property=\"og:locale\" content=\"fr_CA\" \/>\n<meta property=\"og:type\" content=\"article\" \/>\n<meta property=\"og:title\" content=\"Engagez-vous\" \/>\n<meta property=\"og:description\" content=\"Occasions actuelles Co-responsable de la qualit\u00e9 et de l\u2019analyse (ressource en nature) L\u2019\u00e9quipe Sant\u00e9 Ontario de Middlesex London (MLOHT) est \u00e0 la recherche d\u2019un penseur syst\u00e9mique poss\u00e9dant une exp\u00e9rience et une expertise en mati\u00e8re d\u2019am\u00e9lioration de la qualit\u00e9, d\u2019\u00e9valuation et d\u2019analyse pour travailler efficacement avec l\u2019\u00e9quipe des op\u00e9rations MLOHT, responsable de la sant\u00e9 de la [&hellip;]\" \/>\n<meta property=\"og:url\" content=\"https:\/\/mloht.ca\/fr\/get-involved\/\" \/>\n<meta property=\"og:site_name\" content=\"MLOHT\" \/>\n<meta property=\"article:modified_time\" content=\"2023-03-23T19:13:18+00:00\" \/>\n<meta property=\"og:image\" content=\"https:\/\/mloht.ca\/fr\/wp-content\/uploads\/sites\/2\/2023\/03\/getinvolved-1024x448.jpeg\" \/>\n<meta name=\"twitter:card\" content=\"summary_large_image\" \/>\n<meta name=\"twitter:label1\" content=\"Estimation du temps de lecture\" \/>\n\t<meta name=\"twitter:data1\" content=\"4 minutes\" \/>\n<script type=\"application\/ld+json\" class=\"yoast-schema-graph\">{\"@context\":\"https:\\\/\\\/schema.org\",\"@graph\":[{\"@type\":\"WebPage\",\"@id\":\"https:\\\/\\\/mloht.ca\\\/fr\\\/get-involved\\\/\",\"url\":\"https:\\\/\\\/mloht.ca\\\/fr\\\/get-involved\\\/\",\"name\":\"Engagez-vous - MLOHT\",\"isPartOf\":{\"@id\":\"https:\\\/\\\/mloht.ca\\\/fr\\\/#website\"},\"primaryImageOfPage\":{\"@id\":\"https:\\\/\\\/mloht.ca\\\/fr\\\/get-involved\\\/#primaryimage\"},\"image\":{\"@id\":\"https:\\\/\\\/mloht.ca\\\/fr\\\/get-involved\\\/#primaryimage\"},\"thumbnailUrl\":\"https:\\\/\\\/mloht.ca\\\/fr\\\/wp-content\\\/uploads\\\/sites\\\/2\\\/2023\\\/03\\\/getinvolved-1024x448.jpeg\",\"datePublished\":\"2023-03-07T22:52:20+00:00\",\"dateModified\":\"2023-03-23T19:13:18+00:00\",\"breadcrumb\":{\"@id\":\"https:\\\/\\\/mloht.ca\\\/fr\\\/get-involved\\\/#breadcrumb\"},\"inLanguage\":\"fr-CA\",\"potentialAction\":[{\"@type\":\"ReadAction\",\"target\":[\"https:\\\/\\\/mloht.ca\\\/fr\\\/get-involved\\\/\"]}]},{\"@type\":\"ImageObject\",\"inLanguage\":\"fr-CA\",\"@id\":\"https:\\\/\\\/mloht.ca\\\/fr\\\/get-involved\\\/#primaryimage\",\"url\":\"https:\\\/\\\/mloht.ca\\\/fr\\\/wp-content\\\/uploads\\\/sites\\\/2\\\/2023\\\/03\\\/getinvolved-1024x448.jpeg\",\"contentUrl\":\"https:\\\/\\\/mloht.ca\\\/fr\\\/wp-content\\\/uploads\\\/sites\\\/2\\\/2023\\\/03\\\/getinvolved-1024x448.jpeg\"},{\"@type\":\"BreadcrumbList\",\"@id\":\"https:\\\/\\\/mloht.ca\\\/fr\\\/get-involved\\\/#breadcrumb\",\"itemListElement\":[{\"@type\":\"ListItem\",\"position\":1,\"name\":\"Home\",\"item\":\"https:\\\/\\\/mloht.ca\\\/fr\\\/\"},{\"@type\":\"ListItem\",\"position\":2,\"name\":\"Engagez-vous\"}]},{\"@type\":\"WebSite\",\"@id\":\"https:\\\/\\\/mloht.ca\\\/fr\\\/#website\",\"url\":\"https:\\\/\\\/mloht.ca\\\/fr\\\/\",\"name\":\"MLOHT\",\"description\":\"\",\"publisher\":{\"@id\":\"https:\\\/\\\/mloht.ca\\\/fr\\\/#organization\"},\"potentialAction\":[{\"@type\":\"SearchAction\",\"target\":{\"@type\":\"EntryPoint\",\"urlTemplate\":\"https:\\\/\\\/mloht.ca\\\/fr\\\/?s={search_term_string}\"},\"query-input\":{\"@type\":\"PropertyValueSpecification\",\"valueRequired\":true,\"valueName\":\"search_term_string\"}}],\"inLanguage\":\"fr-CA\"},{\"@type\":\"Organization\",\"@id\":\"https:\\\/\\\/mloht.ca\\\/fr\\\/#organization\",\"name\":\"MLOHT\",\"url\":\"https:\\\/\\\/mloht.ca\\\/fr\\\/\",\"logo\":{\"@type\":\"ImageObject\",\"inLanguage\":\"fr-CA\",\"@id\":\"https:\\\/\\\/mloht.ca\\\/fr\\\/#\\\/schema\\\/logo\\\/image\\\/\",\"url\":\"https:\\\/\\\/mloht.ca\\\/fr\\\/wp-content\\\/uploads\\\/sites\\\/2\\\/2023\\\/03\\\/mloht-fr.png\",\"contentUrl\":\"https:\\\/\\\/mloht.ca\\\/fr\\\/wp-content\\\/uploads\\\/sites\\\/2\\\/2023\\\/03\\\/mloht-fr.png\",\"width\":600,\"height\":196,\"caption\":\"MLOHT\"},\"image\":{\"@id\":\"https:\\\/\\\/mloht.ca\\\/fr\\\/#\\\/schema\\\/logo\\\/image\\\/\"}}]}<\/script>\n<!-- \/ Yoast SEO Premium plugin. -->","yoast_head_json":{"title":"Engagez-vous - MLOHT","robots":{"index":"index","follow":"follow","max-snippet":"max-snippet:-1","max-image-preview":"max-image-preview:large","max-video-preview":"max-video-preview:-1"},"canonical":"https:\/\/mloht.ca\/fr\/get-involved\/","og_locale":"fr_CA","og_type":"article","og_title":"Engagez-vous","og_description":"Occasions actuelles Co-responsable de la qualit\u00e9 et de l\u2019analyse (ressource en nature) L\u2019\u00e9quipe Sant\u00e9 Ontario de Middlesex London (MLOHT) est \u00e0 la recherche d\u2019un penseur syst\u00e9mique poss\u00e9dant une exp\u00e9rience et une expertise en mati\u00e8re d\u2019am\u00e9lioration de la qualit\u00e9, d\u2019\u00e9valuation et d\u2019analyse pour travailler efficacement avec l\u2019\u00e9quipe des op\u00e9rations MLOHT, responsable de la sant\u00e9 de la [&hellip;]","og_url":"https:\/\/mloht.ca\/fr\/get-involved\/","og_site_name":"MLOHT","article_modified_time":"2023-03-23T19:13:18+00:00","og_image":[{"url":"https:\/\/mloht.ca\/fr\/wp-content\/uploads\/sites\/2\/2023\/03\/getinvolved-1024x448.jpeg","type":"","width":"","height":""}],"twitter_card":"summary_large_image","twitter_misc":{"Estimation du temps de lecture":"4 minutes"},"schema":{"@context":"https:\/\/schema.org","@graph":[{"@type":"WebPage","@id":"https:\/\/mloht.ca\/fr\/get-involved\/","url":"https:\/\/mloht.ca\/fr\/get-involved\/","name":"Engagez-vous - MLOHT","isPartOf":{"@id":"https:\/\/mloht.ca\/fr\/#website"},"primaryImageOfPage":{"@id":"https:\/\/mloht.ca\/fr\/get-involved\/#primaryimage"},"image":{"@id":"https:\/\/mloht.ca\/fr\/get-involved\/#primaryimage"},"thumbnailUrl":"https:\/\/mloht.ca\/fr\/wp-content\/uploads\/sites\/2\/2023\/03\/getinvolved-1024x448.jpeg","datePublished":"2023-03-07T22:52:20+00:00","dateModified":"2023-03-23T19:13:18+00:00","breadcrumb":{"@id":"https:\/\/mloht.ca\/fr\/get-involved\/#breadcrumb"},"inLanguage":"fr-CA","potentialAction":[{"@type":"ReadAction","target":["https:\/\/mloht.ca\/fr\/get-involved\/"]}]},{"@type":"ImageObject","inLanguage":"fr-CA","@id":"https:\/\/mloht.ca\/fr\/get-involved\/#primaryimage","url":"https:\/\/mloht.ca\/fr\/wp-content\/uploads\/sites\/2\/2023\/03\/getinvolved-1024x448.jpeg","contentUrl":"https:\/\/mloht.ca\/fr\/wp-content\/uploads\/sites\/2\/2023\/03\/getinvolved-1024x448.jpeg"},{"@type":"BreadcrumbList","@id":"https:\/\/mloht.ca\/fr\/get-involved\/#breadcrumb","itemListElement":[{"@type":"ListItem","position":1,"name":"Home","item":"https:\/\/mloht.ca\/fr\/"},{"@type":"ListItem","position":2,"name":"Engagez-vous"}]},{"@type":"WebSite","@id":"https:\/\/mloht.ca\/fr\/#website","url":"https:\/\/mloht.ca\/fr\/","name":"MLOHT","description":"","publisher":{"@id":"https:\/\/mloht.ca\/fr\/#organization"},"potentialAction":[{"@type":"SearchAction","target":{"@type":"EntryPoint","urlTemplate":"https:\/\/mloht.ca\/fr\/?s={search_term_string}"},"query-input":{"@type":"PropertyValueSpecification","valueRequired":true,"valueName":"search_term_string"}}],"inLanguage":"fr-CA"},{"@type":"Organization","@id":"https:\/\/mloht.ca\/fr\/#organization","name":"MLOHT","url":"https:\/\/mloht.ca\/fr\/","logo":{"@type":"ImageObject","inLanguage":"fr-CA","@id":"https:\/\/mloht.ca\/fr\/#\/schema\/logo\/image\/","url":"https:\/\/mloht.ca\/fr\/wp-content\/uploads\/sites\/2\/2023\/03\/mloht-fr.png","contentUrl":"https:\/\/mloht.ca\/fr\/wp-content\/uploads\/sites\/2\/2023\/03\/mloht-fr.png","width":600,"height":196,"caption":"MLOHT"},"image":{"@id":"https:\/\/mloht.ca\/fr\/#\/schema\/logo\/image\/"}}]}},"coauthors":[],"author_meta":{"author_link":"https:\/\/mloht.ca\/fr\/author\/bds\/","display_name":"bds"},"relative_dates":{"created":"Posted 3 ann\u00e9es ago","modified":"Updated 3 ann\u00e9es ago"},"absolute_dates":{"created":"Posted on 7 mars 2023","modified":"Updated on 23 mars 2023"},"absolute_dates_time":{"created":"Posted on 7 mars 2023 10:52 pm","modified":"Updated on 23 mars 2023 3:13 pm"},"featured_img_caption":"","featured_img":false,"series_order":"","_links":{"self":[{"href":"https:\/\/mloht.ca\/fr\/wp-json\/wp\/v2\/pages\/80","targetHints":{"allow":["GET"]}}],"collection":[{"href":"https:\/\/mloht.ca\/fr\/wp-json\/wp\/v2\/pages"}],"about":[{"href":"https:\/\/mloht.ca\/fr\/wp-json\/wp\/v2\/types\/page"}],"author":[{"embeddable":true,"href":"https:\/\/mloht.ca\/fr\/wp-json\/wp\/v2\/users\/1"}],"replies":[{"embeddable":true,"href":"https:\/\/mloht.ca\/fr\/wp-json\/wp\/v2\/comments?post=80"}],"version-history":[{"count":5,"href":"https:\/\/mloht.ca\/fr\/wp-json\/wp\/v2\/pages\/80\/revisions"}],"predecessor-version":[{"id":1759,"href":"https:\/\/mloht.ca\/fr\/wp-json\/wp\/v2\/pages\/80\/revisions\/1759"}],"wp:attachment":[{"href":"https:\/\/mloht.ca\/fr\/wp-json\/wp\/v2\/media?parent=80"}],"curies":[{"name":"wp","href":"https:\/\/api.w.org\/{rel}","templated":true}]}}