{"id":82,"date":"2023-03-07T22:52:34","date_gmt":"2023-03-07T22:52:34","guid":{"rendered":"https:\/\/mloht.ca\/?page_id=82"},"modified":"2023-10-17T16:30:48","modified_gmt":"2023-10-17T20:30:48","slug":"ressources","status":"publish","type":"page","link":"https:\/\/mloht.ca\/fr\/ressources\/","title":{"rendered":"Ressources"},"content":{"rendered":"\n<div class=\"inherit-container-width wp-block-group alignfull has-ast-global-color-1-background-color has-background is-layout-constrained wp-block-group-is-layout-constrained advgb-dyn-bd824458\" style=\"margin-bottom:3em\"><h1 class=\"wp-block-post-title has-text-color has-ast-global-color-5-color\">Ressources<\/h1><\/div>\n\n\n\n<div class=\"wp-block-buttons is-layout-flex wp-block-buttons-is-layout-flex\"><\/div>\n\n\n\n<div class=\"wp-block-media-text is-stacked-on-mobile has-background\" style=\"background-color:#f1f6f8;grid-template-columns:45% auto\"><figure class=\"wp-block-media-text__media\"><a href=\"https:\/\/mloht.ca\/resources\/faqs\/\" target=\"_blank\" rel=\"noreferrer noopener\"><img decoding=\"async\" src=\"https:\/\/mloht.ca\/wp-content\/uploads\/2023\/03\/AdobeStock_230581296-1-300x200.jpeg\" alt=\"\" class=\"wp-image-2151 size-medium\" \/><\/a><\/figure><div class=\"wp-block-media-text__content\">\n<p>Notre section FAQ est con\u00e7ue pour r\u00e9pondre aux questions courantes que notre public a pos\u00e9es dans le pass\u00e9. En fournissant des r\u00e9ponses claires et concises, nous esp\u00e9rons vous faire gagner du temps et des efforts pour trouver les informations dont vous avez besoin.<\/p>\n\n\n\n<p>Nous vous encourageons \u00e0 parcourir notre section FAQ pour en savoir plus sur nous. Si vous ne trouvez pas les informations que vous recherchez, <a href=\"https:\/\/mloht.ca\/contact\/\">veuillez nous contacte<\/a><a href=\"https:\/\/mloht.ca\/contact\/\" target=\"_blank\" rel=\"noreferrer noopener\">r<\/a>.<\/p>\n\n\n\n<div class=\"wp-block-buttons is-layout-flex wp-block-buttons-is-layout-flex\">\n<div class=\"wp-block-button is-style-fill\"><a class=\"wp-block-button__link has-ast-global-color-5-color has-ast-global-color-0-background-color has-text-color has-background wp-element-button\" href=\"https:\/\/mloht.ca\/fr\/resources\/faqs\/\" style=\"border-radius:6px\" target=\"_blank\" rel=\"noreferrer noopener\">FAQs<\/a><\/div>\n<\/div>\n<\/div><\/div>\n\n\n\n<div style=\"height:50px\" aria-hidden=\"true\" class=\"wp-block-spacer\"><\/div>\n\n\n\n<div class=\"wp-block-media-text has-media-on-the-right is-stacked-on-mobile has-background\" style=\"background-color:#f6f8ed;grid-template-columns:auto 51%\"><div class=\"wp-block-media-text__content\">\n<p>Our newsletters provide updates on the latest developments, events, and initiatives in the Middlesex London region&rsquo;s healthcare landscape. Subscribers receive exclusive access to updates on our team&rsquo;s efforts to improve healthcare services and outcomes across Middlesex London, as well as news on partnerships and collaborations with other healthcare providers. <\/p>\n\n\n\n<p><a href=\"https:\/\/lp.constantcontactpages.com\/su\/KZlioKU\" target=\"_blank\" rel=\"noreferrer noopener\"><strong>Sign up<\/strong><\/a> today to stay in the loop and join our community of patients, caregivers, and healthcare professionals.<\/p>\n\n\n\n<div class=\"wp-block-buttons is-layout-flex wp-block-buttons-is-layout-flex\">\n<div class=\"wp-block-button is-style-fill\"><a class=\"wp-block-button__link has-ast-global-color-5-color has-ast-global-color-0-background-color has-text-color has-background wp-element-button\" href=\"https:\/\/mloht.ca\/fr\/resources\/archives-des-bulletins\/\" style=\"border-radius:6px\" target=\"_blank\" rel=\"noreferrer noopener\">Bulletins<\/a><\/div>\n<\/div>\n<\/div><figure class=\"wp-block-media-text__media\"><a href=\"https:\/\/mloht.ca\/resources\/newsletters\/\" target=\"_blank\" rel=\"noreferrer noopener\"><img decoding=\"async\" src=\"https:\/\/mloht.ca\/wp-content\/uploads\/2023\/03\/AdobeStock_547584615-1-1024x576.jpeg\" alt=\"\" class=\"wp-image-2157 size-medium\" \/><\/a><\/figure><\/div>\n\n\n\n<div style=\"height:50px\" aria-hidden=\"true\" class=\"wp-block-spacer\"><\/div>\n\n\n\n<div class=\"wp-block-media-text is-stacked-on-mobile has-background\" style=\"background-color:#f1f6f8;grid-template-columns:45% auto\"><figure class=\"wp-block-media-text__media\"><a href=\"https:\/\/mloht.ca\/resources\/document-library\/\" target=\"_blank\" rel=\"noreferrer noopener\"><img decoding=\"async\" src=\"https:\/\/mloht.ca\/wp-content\/uploads\/2023\/03\/AdobeStock_170110000-1-300x200.jpeg\" alt=\"\" class=\"wp-image-2167 size-medium\" \/><\/a><\/figure><div class=\"wp-block-media-text__content\">\n<p>En tant qu&rsquo;\u00e9quipe de soins de sant\u00e9, nous nous appuyons sur une gamme de documents importants pour guider nos politiques, proc\u00e9dures et processus d\u00e9cisionnels.<\/p>\n\n\n\n<p>Certains des documents essentiels comprennent notre cadre de gouvernance, notre plan strat\u00e9gique, nos parcours de soins de sant\u00e9, notre plan d&rsquo;am\u00e9lioration de la qualit\u00e9, etc. Ces documents fournissent une feuille de route pour nos buts et objectifs et d\u00e9crivent notre structure organisationnelle et nos processus d\u00e9cisionnels.<\/p>\n\n\n\n<div class=\"wp-block-buttons is-layout-flex wp-block-buttons-is-layout-flex\"><\/div>\n\n\n\n<div class=\"wp-block-buttons is-layout-flex wp-block-buttons-is-layout-flex\">\n<div class=\"wp-block-button\"><a class=\"wp-block-button__link has-ast-global-color-5-color has-ast-global-color-0-background-color has-text-color has-background wp-element-button\" href=\"https:\/\/mloht.ca\/fr\/resources\/documents-importants\/\" style=\"border-radius:6px\" target=\"_blank\" rel=\"noreferrer noopener\">Biblioth\u00e8que de Documents<\/a><\/div>\n<\/div>\n<\/div><\/div>\n\n\n\n<div style=\"height:50px\" aria-hidden=\"true\" class=\"wp-block-spacer\"><\/div>\n\n\n\n<div class=\"wp-block-media-text has-media-on-the-right is-stacked-on-mobile has-background\" style=\"background-color:#f6f8ed;grid-template-columns:auto 45%\"><div class=\"wp-block-media-text__content\">\n<p>La province offre une vari\u00e9t\u00e9 de ressources aux professionnels de la sant\u00e9. Que vous soyez m\u00e9decin, infirmi\u00e8re, travailleur social ou autre professionnel de la sant\u00e9, les ressources provinciales de l&rsquo;Ontario peuvent vous aider \u00e0 vous tenir au courant des derni\u00e8res pratiques et technologies dans votre domaine, et vous fournir le soutien dont vous avez besoin pour fournir les meilleurs soins possibles.<\/p>\n\n\n\n<div class=\"wp-block-buttons is-layout-flex wp-block-buttons-is-layout-flex\">\n<div class=\"wp-block-button\"><a class=\"wp-block-button__link has-ast-global-color-5-color has-ast-global-color-0-background-color has-text-color has-background wp-element-button\" href=\"https:\/\/mloht.ca\/fr\/resources\/ressources-provinciales\/\" style=\"border-radius:6px\" target=\"_blank\" rel=\"noreferrer noopener\">Provincial Ressources<\/a><\/div>\n<\/div>\n<\/div><figure class=\"wp-block-media-text__media\"><a href=\"https:\/\/mloht.ca\/resources\/provincial-resources\/\" target=\"_blank\" rel=\"noreferrer noopener\"><img decoding=\"async\" src=\"https:\/\/mloht.ca\/wp-content\/uploads\/2023\/03\/AdobeStock_364694349-1-1024x683.jpeg\" alt=\"\" class=\"wp-image-2175 size-medium\" \/><\/a><\/figure><\/div>\n\n\n\n<div style=\"height:50px\" aria-hidden=\"true\" class=\"wp-block-spacer\"><\/div>\n","protected":false},"excerpt":{"rendered":"","protected":false},"author":1,"featured_media":0,"parent":0,"menu_order":0,"comment_status":"closed","ping_status":"closed","template":"","meta":{"advgb_blocks_editor_width":"","advgb_blocks_columns_visual_guide":"","site-sidebar-layout":"default","site-content-layout":"","ast-site-content-layout":"default","site-content-style":"default","site-sidebar-style":"default","ast-global-header-display":"","ast-banner-title-visibility":"","ast-main-header-display":"","ast-hfb-above-header-display":"","ast-hfb-below-header-display":"","ast-hfb-mobile-header-display":"","site-post-title":"disabled","ast-breadcrumbs-content":"","ast-featured-img":"","footer-sml-layout":"","ast-disable-related-posts":"","theme-transparent-header-meta":"","adv-header-id-meta":"","stick-header-meta":"","header-above-stick-meta":"","header-main-stick-meta":"","header-below-stick-meta":"","astra-migrate-meta-layouts":"set","ast-page-background-enabled":"default","ast-page-background-meta":{"desktop":{"background-color":"var(--ast-global-color-4)","background-image":"","background-repeat":"repeat","background-position":"center center","background-size":"auto","background-attachment":"scroll","background-type":"","background-media":"","overlay-type":"","overlay-color":"","overlay-opacity":"","overlay-gradient":""},"tablet":{"background-color":"","background-image":"","background-repeat":"repeat","background-position":"center center","background-size":"auto","background-attachment":"scroll","background-type":"","background-media":"","overlay-type":"","overlay-color":"","overlay-opacity":"","overlay-gradient":""},"mobile":{"background-color":"","background-image":"","background-repeat":"repeat","background-position":"center center","background-size":"auto","background-attachment":"scroll","background-type":"","background-media":"","overlay-type":"","overlay-color":"","overlay-opacity":"","overlay-gradient":""}},"ast-content-background-meta":{"desktop":{"background-color":"var(--ast-global-color-5)","background-image":"","background-repeat":"repeat","background-position":"center center","background-size":"auto","background-attachment":"scroll","background-type":"","background-media":"","overlay-type":"","overlay-color":"","overlay-opacity":"","overlay-gradient":""},"tablet":{"background-color":"var(--ast-global-color-5)","background-image":"","background-repeat":"repeat","background-position":"center center","background-size":"auto","background-attachment":"scroll","background-type":"","background-media":"","overlay-type":"","overlay-color":"","overlay-opacity":"","overlay-gradient":""},"mobile":{"background-color":"var(--ast-global-color-5)","background-image":"","background-repeat":"repeat","background-position":"center center","background-size":"auto","background-attachment":"scroll","background-type":"","background-media":"","overlay-type":"","overlay-color":"","overlay-opacity":"","overlay-gradient":""}},"footnotes":""},"class_list":["post-82","page","type-page","status-publish","hentry"],"yoast_head":"<!-- This site is optimized with the Yoast SEO Premium plugin v27.2 (Yoast SEO v27.5) - https:\/\/yoast.com\/product\/yoast-seo-premium-wordpress\/ -->\n<title>Ressources - MLOHT<\/title>\n<meta name=\"robots\" content=\"index, follow, max-snippet:-1, max-image-preview:large, max-video-preview:-1\" \/>\n<link rel=\"canonical\" href=\"https:\/\/mloht.ca\/fr\/ressources\/\" \/>\n<meta property=\"og:locale\" content=\"fr_CA\" \/>\n<meta property=\"og:type\" content=\"article\" \/>\n<meta property=\"og:title\" content=\"Ressources\" \/>\n<meta property=\"og:url\" content=\"https:\/\/mloht.ca\/fr\/ressources\/\" \/>\n<meta property=\"og:site_name\" content=\"MLOHT\" \/>\n<meta property=\"article:modified_time\" content=\"2023-10-17T20:30:48+00:00\" \/>\n<meta property=\"og:image\" content=\"https:\/\/mloht.ca\/wp-content\/uploads\/2023\/03\/AdobeStock_230581296-1-300x200.jpeg\" \/>\n<meta name=\"twitter:card\" content=\"summary_large_image\" \/>\n<meta name=\"twitter:label1\" content=\"Estimation du temps de lecture\" \/>\n\t<meta name=\"twitter:data1\" content=\"3 minutes\" \/>\n<script type=\"application\/ld+json\" class=\"yoast-schema-graph\">{\"@context\":\"https:\\\/\\\/schema.org\",\"@graph\":[{\"@type\":\"WebPage\",\"@id\":\"https:\\\/\\\/mloht.ca\\\/fr\\\/ressources\\\/\",\"url\":\"https:\\\/\\\/mloht.ca\\\/fr\\\/ressources\\\/\",\"name\":\"Ressources - MLOHT\",\"isPartOf\":{\"@id\":\"https:\\\/\\\/mloht.ca\\\/fr\\\/#website\"},\"primaryImageOfPage\":{\"@id\":\"https:\\\/\\\/mloht.ca\\\/fr\\\/ressources\\\/#primaryimage\"},\"image\":{\"@id\":\"https:\\\/\\\/mloht.ca\\\/fr\\\/ressources\\\/#primaryimage\"},\"thumbnailUrl\":\"https:\\\/\\\/mloht.ca\\\/wp-content\\\/uploads\\\/2023\\\/03\\\/AdobeStock_230581296-1-300x200.jpeg\",\"datePublished\":\"2023-03-07T22:52:34+00:00\",\"dateModified\":\"2023-10-17T20:30:48+00:00\",\"breadcrumb\":{\"@id\":\"https:\\\/\\\/mloht.ca\\\/fr\\\/ressources\\\/#breadcrumb\"},\"inLanguage\":\"fr-CA\",\"potentialAction\":[{\"@type\":\"ReadAction\",\"target\":[\"https:\\\/\\\/mloht.ca\\\/fr\\\/ressources\\\/\"]}]},{\"@type\":\"ImageObject\",\"inLanguage\":\"fr-CA\",\"@id\":\"https:\\\/\\\/mloht.ca\\\/fr\\\/ressources\\\/#primaryimage\",\"url\":\"https:\\\/\\\/mloht.ca\\\/wp-content\\\/uploads\\\/2023\\\/03\\\/AdobeStock_230581296-1-300x200.jpeg\",\"contentUrl\":\"https:\\\/\\\/mloht.ca\\\/wp-content\\\/uploads\\\/2023\\\/03\\\/AdobeStock_230581296-1-300x200.jpeg\"},{\"@type\":\"BreadcrumbList\",\"@id\":\"https:\\\/\\\/mloht.ca\\\/fr\\\/ressources\\\/#breadcrumb\",\"itemListElement\":[{\"@type\":\"ListItem\",\"position\":1,\"name\":\"Home\",\"item\":\"https:\\\/\\\/mloht.ca\\\/fr\\\/\"},{\"@type\":\"ListItem\",\"position\":2,\"name\":\"Ressources\"}]},{\"@type\":\"WebSite\",\"@id\":\"https:\\\/\\\/mloht.ca\\\/fr\\\/#website\",\"url\":\"https:\\\/\\\/mloht.ca\\\/fr\\\/\",\"name\":\"MLOHT\",\"description\":\"\",\"publisher\":{\"@id\":\"https:\\\/\\\/mloht.ca\\\/fr\\\/#organization\"},\"potentialAction\":[{\"@type\":\"SearchAction\",\"target\":{\"@type\":\"EntryPoint\",\"urlTemplate\":\"https:\\\/\\\/mloht.ca\\\/fr\\\/?s={search_term_string}\"},\"query-input\":{\"@type\":\"PropertyValueSpecification\",\"valueRequired\":true,\"valueName\":\"search_term_string\"}}],\"inLanguage\":\"fr-CA\"},{\"@type\":\"Organization\",\"@id\":\"https:\\\/\\\/mloht.ca\\\/fr\\\/#organization\",\"name\":\"MLOHT\",\"url\":\"https:\\\/\\\/mloht.ca\\\/fr\\\/\",\"logo\":{\"@type\":\"ImageObject\",\"inLanguage\":\"fr-CA\",\"@id\":\"https:\\\/\\\/mloht.ca\\\/fr\\\/#\\\/schema\\\/logo\\\/image\\\/\",\"url\":\"https:\\\/\\\/mloht.ca\\\/fr\\\/wp-content\\\/uploads\\\/sites\\\/2\\\/2023\\\/03\\\/mloht-fr.png\",\"contentUrl\":\"https:\\\/\\\/mloht.ca\\\/fr\\\/wp-content\\\/uploads\\\/sites\\\/2\\\/2023\\\/03\\\/mloht-fr.png\",\"width\":600,\"height\":196,\"caption\":\"MLOHT\"},\"image\":{\"@id\":\"https:\\\/\\\/mloht.ca\\\/fr\\\/#\\\/schema\\\/logo\\\/image\\\/\"}}]}<\/script>\n<!-- \/ Yoast SEO Premium plugin. -->","yoast_head_json":{"title":"Ressources - MLOHT","robots":{"index":"index","follow":"follow","max-snippet":"max-snippet:-1","max-image-preview":"max-image-preview:large","max-video-preview":"max-video-preview:-1"},"canonical":"https:\/\/mloht.ca\/fr\/ressources\/","og_locale":"fr_CA","og_type":"article","og_title":"Ressources","og_url":"https:\/\/mloht.ca\/fr\/ressources\/","og_site_name":"MLOHT","article_modified_time":"2023-10-17T20:30:48+00:00","og_image":[{"url":"https:\/\/mloht.ca\/wp-content\/uploads\/2023\/03\/AdobeStock_230581296-1-300x200.jpeg","type":"","width":"","height":""}],"twitter_card":"summary_large_image","twitter_misc":{"Estimation du temps de lecture":"3 minutes"},"schema":{"@context":"https:\/\/schema.org","@graph":[{"@type":"WebPage","@id":"https:\/\/mloht.ca\/fr\/ressources\/","url":"https:\/\/mloht.ca\/fr\/ressources\/","name":"Ressources - MLOHT","isPartOf":{"@id":"https:\/\/mloht.ca\/fr\/#website"},"primaryImageOfPage":{"@id":"https:\/\/mloht.ca\/fr\/ressources\/#primaryimage"},"image":{"@id":"https:\/\/mloht.ca\/fr\/ressources\/#primaryimage"},"thumbnailUrl":"https:\/\/mloht.ca\/wp-content\/uploads\/2023\/03\/AdobeStock_230581296-1-300x200.jpeg","datePublished":"2023-03-07T22:52:34+00:00","dateModified":"2023-10-17T20:30:48+00:00","breadcrumb":{"@id":"https:\/\/mloht.ca\/fr\/ressources\/#breadcrumb"},"inLanguage":"fr-CA","potentialAction":[{"@type":"ReadAction","target":["https:\/\/mloht.ca\/fr\/ressources\/"]}]},{"@type":"ImageObject","inLanguage":"fr-CA","@id":"https:\/\/mloht.ca\/fr\/ressources\/#primaryimage","url":"https:\/\/mloht.ca\/wp-content\/uploads\/2023\/03\/AdobeStock_230581296-1-300x200.jpeg","contentUrl":"https:\/\/mloht.ca\/wp-content\/uploads\/2023\/03\/AdobeStock_230581296-1-300x200.jpeg"},{"@type":"BreadcrumbList","@id":"https:\/\/mloht.ca\/fr\/ressources\/#breadcrumb","itemListElement":[{"@type":"ListItem","position":1,"name":"Home","item":"https:\/\/mloht.ca\/fr\/"},{"@type":"ListItem","position":2,"name":"Ressources"}]},{"@type":"WebSite","@id":"https:\/\/mloht.ca\/fr\/#website","url":"https:\/\/mloht.ca\/fr\/","name":"MLOHT","description":"","publisher":{"@id":"https:\/\/mloht.ca\/fr\/#organization"},"potentialAction":[{"@type":"SearchAction","target":{"@type":"EntryPoint","urlTemplate":"https:\/\/mloht.ca\/fr\/?s={search_term_string}"},"query-input":{"@type":"PropertyValueSpecification","valueRequired":true,"valueName":"search_term_string"}}],"inLanguage":"fr-CA"},{"@type":"Organization","@id":"https:\/\/mloht.ca\/fr\/#organization","name":"MLOHT","url":"https:\/\/mloht.ca\/fr\/","logo":{"@type":"ImageObject","inLanguage":"fr-CA","@id":"https:\/\/mloht.ca\/fr\/#\/schema\/logo\/image\/","url":"https:\/\/mloht.ca\/fr\/wp-content\/uploads\/sites\/2\/2023\/03\/mloht-fr.png","contentUrl":"https:\/\/mloht.ca\/fr\/wp-content\/uploads\/sites\/2\/2023\/03\/mloht-fr.png","width":600,"height":196,"caption":"MLOHT"},"image":{"@id":"https:\/\/mloht.ca\/fr\/#\/schema\/logo\/image\/"}}]}},"coauthors":[],"author_meta":{"author_link":"https:\/\/mloht.ca\/fr\/author\/bds\/","display_name":"bds"},"relative_dates":{"created":"Posted 3 ann\u00e9es ago","modified":"Updated 3 ann\u00e9es ago"},"absolute_dates":{"created":"Posted on 7 mars 2023","modified":"Updated on 17 octobre 2023"},"absolute_dates_time":{"created":"Posted on 7 mars 2023 10:52 pm","modified":"Updated on 17 octobre 2023 4:30 pm"},"featured_img_caption":"","featured_img":false,"series_order":"","_links":{"self":[{"href":"https:\/\/mloht.ca\/fr\/wp-json\/wp\/v2\/pages\/82","targetHints":{"allow":["GET"]}}],"collection":[{"href":"https:\/\/mloht.ca\/fr\/wp-json\/wp\/v2\/pages"}],"about":[{"href":"https:\/\/mloht.ca\/fr\/wp-json\/wp\/v2\/types\/page"}],"author":[{"embeddable":true,"href":"https:\/\/mloht.ca\/fr\/wp-json\/wp\/v2\/users\/1"}],"replies":[{"embeddable":true,"href":"https:\/\/mloht.ca\/fr\/wp-json\/wp\/v2\/comments?post=82"}],"version-history":[{"count":22,"href":"https:\/\/mloht.ca\/fr\/wp-json\/wp\/v2\/pages\/82\/revisions"}],"predecessor-version":[{"id":1928,"href":"https:\/\/mloht.ca\/fr\/wp-json\/wp\/v2\/pages\/82\/revisions\/1928"}],"wp:attachment":[{"href":"https:\/\/mloht.ca\/fr\/wp-json\/wp\/v2\/media?parent=82"}],"curies":[{"name":"wp","href":"https:\/\/api.w.org\/{rel}","templated":true}]}}