{"id":84,"date":"2023-03-07T22:52:43","date_gmt":"2023-03-07T22:52:43","guid":{"rendered":"https:\/\/mloht.ca\/?page_id=84"},"modified":"2023-03-23T15:35:47","modified_gmt":"2023-03-23T19:35:47","slug":"contact","status":"publish","type":"page","link":"https:\/\/mloht.ca\/fr\/contact\/","title":{"rendered":"<a href=\"https:\/\/mloht.ca\/fr\/contact\/\">Nous joindre<\/a>"},"content":{"rendered":"\n<div class=\"inherit-container-width wp-block-group alignfull has-ast-global-color-1-background-color has-background is-layout-constrained wp-block-group-is-layout-constrained advgb-dyn-5dfede3d\">\n<h1 class=\"has-ast-global-color-5-color has-text-color wp-block-heading\">Nous joindre<\/h1>\n<\/div>\n\n\n\n<p><\/p>\n\n\n\n<h2 class=\"wp-block-heading\">Commen\u00e7ons \u00e0 collaborer<\/h2>\n\n\n\n<p>Si vous avez des questions, veuillez nous les adresser, et si vous \u00eates int\u00e9ress\u00e9 \u00e0&nbsp;<a href=\"https:\/\/mloht.ca\/fr\/engagez-vous\/\"><strong>jouer un r\u00f4le<\/strong><\/a>&nbsp;aupr\u00e8s de l\u2019\u00c9SO Middlesex London.<\/p>\n\n\n\n<p>Vous pouvez \u00e9galement nous faire parvenir vos questions \u00e0 l\u2019adresse courriel suivante&nbsp;<a href=\"mailto:info@mloht.ca\">info@mloht.ca<\/a>.<\/p>\n","protected":false},"excerpt":{"rendered":"<p>Nous joindre Commen\u00e7ons \u00e0 collaborer Si vous avez des questions, veuillez nous les adresser, et si vous \u00eates int\u00e9ress\u00e9 \u00e0&nbsp;jouer un r\u00f4le&nbsp;aupr\u00e8s de l\u2019\u00c9SO Middlesex London. Vous pouvez \u00e9galement nous faire parvenir vos questions \u00e0 l\u2019adresse courriel suivante&nbsp;info@mloht.ca.<\/p>\n","protected":false},"author":1,"featured_media":0,"parent":0,"menu_order":0,"comment_status":"closed","ping_status":"closed","template":"","meta":{"advgb_blocks_editor_width":"","advgb_blocks_columns_visual_guide":"","site-sidebar-layout":"default","site-content-layout":"","ast-site-content-layout":"default","site-content-style":"default","site-sidebar-style":"default","ast-global-header-display":"","ast-banner-title-visibility":"","ast-main-header-display":"","ast-hfb-above-header-display":"","ast-hfb-below-header-display":"","ast-hfb-mobile-header-display":"","site-post-title":"disabled","ast-breadcrumbs-content":"","ast-featured-img":"","footer-sml-layout":"","ast-disable-related-posts":"","theme-transparent-header-meta":"","adv-header-id-meta":"","stick-header-meta":"","header-above-stick-meta":"","header-main-stick-meta":"","header-below-stick-meta":"","astra-migrate-meta-layouts":"default","ast-page-background-enabled":"default","ast-page-background-meta":{"desktop":{"background-color":"var(--ast-global-color-4)","background-image":"","background-repeat":"repeat","background-position":"center center","background-size":"auto","background-attachment":"scroll","background-type":"","background-media":"","overlay-type":"","overlay-color":"","overlay-opacity":"","overlay-gradient":""},"tablet":{"background-color":"","background-image":"","background-repeat":"repeat","background-position":"center center","background-size":"auto","background-attachment":"scroll","background-type":"","background-media":"","overlay-type":"","overlay-color":"","overlay-opacity":"","overlay-gradient":""},"mobile":{"background-color":"","background-image":"","background-repeat":"repeat","background-position":"center center","background-size":"auto","background-attachment":"scroll","background-type":"","background-media":"","overlay-type":"","overlay-color":"","overlay-opacity":"","overlay-gradient":""}},"ast-content-background-meta":{"desktop":{"background-color":"var(--ast-global-color-5)","background-image":"","background-repeat":"repeat","background-position":"center center","background-size":"auto","background-attachment":"scroll","background-type":"","background-media":"","overlay-type":"","overlay-color":"","overlay-opacity":"","overlay-gradient":""},"tablet":{"background-color":"var(--ast-global-color-5)","background-image":"","background-repeat":"repeat","background-position":"center center","background-size":"auto","background-attachment":"scroll","background-type":"","background-media":"","overlay-type":"","overlay-color":"","overlay-opacity":"","overlay-gradient":""},"mobile":{"background-color":"var(--ast-global-color-5)","background-image":"","background-repeat":"repeat","background-position":"center center","background-size":"auto","background-attachment":"scroll","background-type":"","background-media":"","overlay-type":"","overlay-color":"","overlay-opacity":"","overlay-gradient":""}},"footnotes":""},"class_list":["post-84","page","type-page","status-publish","hentry"],"yoast_head":"<!-- This site is optimized with the Yoast SEO Premium plugin v27.2 (Yoast SEO v27.5) - https:\/\/yoast.com\/product\/yoast-seo-premium-wordpress\/ -->\n<title>Nous joindre - MLOHT<\/title>\n<meta name=\"robots\" content=\"index, follow, max-snippet:-1, max-image-preview:large, max-video-preview:-1\" \/>\n<link rel=\"canonical\" href=\"https:\/\/mloht.ca\/fr\/contact\/\" \/>\n<meta property=\"og:locale\" content=\"fr_CA\" \/>\n<meta property=\"og:type\" content=\"article\" \/>\n<meta property=\"og:title\" content=\"Nous joindre\" \/>\n<meta property=\"og:description\" content=\"Nous joindre Commen\u00e7ons \u00e0 collaborer Si vous avez des questions, veuillez nous les adresser, et si vous \u00eates int\u00e9ress\u00e9 \u00e0&nbsp;jouer un r\u00f4le&nbsp;aupr\u00e8s de l\u2019\u00c9SO Middlesex London. Vous pouvez \u00e9galement nous faire parvenir vos questions \u00e0 l\u2019adresse courriel suivante&nbsp;info@mloht.ca.\" \/>\n<meta property=\"og:url\" content=\"https:\/\/mloht.ca\/fr\/contact\/\" \/>\n<meta property=\"og:site_name\" content=\"MLOHT\" \/>\n<meta property=\"article:modified_time\" content=\"2023-03-23T19:35:47+00:00\" \/>\n<meta name=\"twitter:card\" content=\"summary_large_image\" \/>\n<meta name=\"twitter:label1\" content=\"Estimation du temps de lecture\" \/>\n\t<meta name=\"twitter:data1\" content=\"1 minute\" \/>\n<script type=\"application\/ld+json\" class=\"yoast-schema-graph\">{\"@context\":\"https:\\\/\\\/schema.org\",\"@graph\":[{\"@type\":\"WebPage\",\"@id\":\"https:\\\/\\\/mloht.ca\\\/fr\\\/contact\\\/\",\"url\":\"https:\\\/\\\/mloht.ca\\\/fr\\\/contact\\\/\",\"name\":\"Nous joindre - MLOHT\",\"isPartOf\":{\"@id\":\"https:\\\/\\\/mloht.ca\\\/fr\\\/#website\"},\"datePublished\":\"2023-03-07T22:52:43+00:00\",\"dateModified\":\"2023-03-23T19:35:47+00:00\",\"breadcrumb\":{\"@id\":\"https:\\\/\\\/mloht.ca\\\/fr\\\/contact\\\/#breadcrumb\"},\"inLanguage\":\"fr-CA\",\"potentialAction\":[{\"@type\":\"ReadAction\",\"target\":[\"https:\\\/\\\/mloht.ca\\\/fr\\\/contact\\\/\"]}]},{\"@type\":\"BreadcrumbList\",\"@id\":\"https:\\\/\\\/mloht.ca\\\/fr\\\/contact\\\/#breadcrumb\",\"itemListElement\":[{\"@type\":\"ListItem\",\"position\":1,\"name\":\"Home\",\"item\":\"https:\\\/\\\/mloht.ca\\\/fr\\\/\"},{\"@type\":\"ListItem\",\"position\":2,\"name\":\"Nous joindre\"}]},{\"@type\":\"WebSite\",\"@id\":\"https:\\\/\\\/mloht.ca\\\/fr\\\/#website\",\"url\":\"https:\\\/\\\/mloht.ca\\\/fr\\\/\",\"name\":\"MLOHT\",\"description\":\"\",\"publisher\":{\"@id\":\"https:\\\/\\\/mloht.ca\\\/fr\\\/#organization\"},\"potentialAction\":[{\"@type\":\"SearchAction\",\"target\":{\"@type\":\"EntryPoint\",\"urlTemplate\":\"https:\\\/\\\/mloht.ca\\\/fr\\\/?s={search_term_string}\"},\"query-input\":{\"@type\":\"PropertyValueSpecification\",\"valueRequired\":true,\"valueName\":\"search_term_string\"}}],\"inLanguage\":\"fr-CA\"},{\"@type\":\"Organization\",\"@id\":\"https:\\\/\\\/mloht.ca\\\/fr\\\/#organization\",\"name\":\"MLOHT\",\"url\":\"https:\\\/\\\/mloht.ca\\\/fr\\\/\",\"logo\":{\"@type\":\"ImageObject\",\"inLanguage\":\"fr-CA\",\"@id\":\"https:\\\/\\\/mloht.ca\\\/fr\\\/#\\\/schema\\\/logo\\\/image\\\/\",\"url\":\"https:\\\/\\\/mloht.ca\\\/fr\\\/wp-content\\\/uploads\\\/sites\\\/2\\\/2023\\\/03\\\/mloht-fr.png\",\"contentUrl\":\"https:\\\/\\\/mloht.ca\\\/fr\\\/wp-content\\\/uploads\\\/sites\\\/2\\\/2023\\\/03\\\/mloht-fr.png\",\"width\":600,\"height\":196,\"caption\":\"MLOHT\"},\"image\":{\"@id\":\"https:\\\/\\\/mloht.ca\\\/fr\\\/#\\\/schema\\\/logo\\\/image\\\/\"}}]}<\/script>\n<!-- \/ Yoast SEO Premium plugin. -->","yoast_head_json":{"title":"Nous joindre - MLOHT","robots":{"index":"index","follow":"follow","max-snippet":"max-snippet:-1","max-image-preview":"max-image-preview:large","max-video-preview":"max-video-preview:-1"},"canonical":"https:\/\/mloht.ca\/fr\/contact\/","og_locale":"fr_CA","og_type":"article","og_title":"Nous joindre","og_description":"Nous joindre Commen\u00e7ons \u00e0 collaborer Si vous avez des questions, veuillez nous les adresser, et si vous \u00eates int\u00e9ress\u00e9 \u00e0&nbsp;jouer un r\u00f4le&nbsp;aupr\u00e8s de l\u2019\u00c9SO Middlesex London. Vous pouvez \u00e9galement nous faire parvenir vos questions \u00e0 l\u2019adresse courriel suivante&nbsp;info@mloht.ca.","og_url":"https:\/\/mloht.ca\/fr\/contact\/","og_site_name":"MLOHT","article_modified_time":"2023-03-23T19:35:47+00:00","twitter_card":"summary_large_image","twitter_misc":{"Estimation du temps de lecture":"1 minute"},"schema":{"@context":"https:\/\/schema.org","@graph":[{"@type":"WebPage","@id":"https:\/\/mloht.ca\/fr\/contact\/","url":"https:\/\/mloht.ca\/fr\/contact\/","name":"Nous joindre - MLOHT","isPartOf":{"@id":"https:\/\/mloht.ca\/fr\/#website"},"datePublished":"2023-03-07T22:52:43+00:00","dateModified":"2023-03-23T19:35:47+00:00","breadcrumb":{"@id":"https:\/\/mloht.ca\/fr\/contact\/#breadcrumb"},"inLanguage":"fr-CA","potentialAction":[{"@type":"ReadAction","target":["https:\/\/mloht.ca\/fr\/contact\/"]}]},{"@type":"BreadcrumbList","@id":"https:\/\/mloht.ca\/fr\/contact\/#breadcrumb","itemListElement":[{"@type":"ListItem","position":1,"name":"Home","item":"https:\/\/mloht.ca\/fr\/"},{"@type":"ListItem","position":2,"name":"Nous joindre"}]},{"@type":"WebSite","@id":"https:\/\/mloht.ca\/fr\/#website","url":"https:\/\/mloht.ca\/fr\/","name":"MLOHT","description":"","publisher":{"@id":"https:\/\/mloht.ca\/fr\/#organization"},"potentialAction":[{"@type":"SearchAction","target":{"@type":"EntryPoint","urlTemplate":"https:\/\/mloht.ca\/fr\/?s={search_term_string}"},"query-input":{"@type":"PropertyValueSpecification","valueRequired":true,"valueName":"search_term_string"}}],"inLanguage":"fr-CA"},{"@type":"Organization","@id":"https:\/\/mloht.ca\/fr\/#organization","name":"MLOHT","url":"https:\/\/mloht.ca\/fr\/","logo":{"@type":"ImageObject","inLanguage":"fr-CA","@id":"https:\/\/mloht.ca\/fr\/#\/schema\/logo\/image\/","url":"https:\/\/mloht.ca\/fr\/wp-content\/uploads\/sites\/2\/2023\/03\/mloht-fr.png","contentUrl":"https:\/\/mloht.ca\/fr\/wp-content\/uploads\/sites\/2\/2023\/03\/mloht-fr.png","width":600,"height":196,"caption":"MLOHT"},"image":{"@id":"https:\/\/mloht.ca\/fr\/#\/schema\/logo\/image\/"}}]}},"coauthors":[],"author_meta":{"author_link":"https:\/\/mloht.ca\/fr\/author\/bds\/","display_name":"bds"},"relative_dates":{"created":"Posted 3 ann\u00e9es ago","modified":"Updated 3 ann\u00e9es ago"},"absolute_dates":{"created":"Posted on 7 mars 2023","modified":"Updated on 23 mars 2023"},"absolute_dates_time":{"created":"Posted on 7 mars 2023 10:52 pm","modified":"Updated on 23 mars 2023 3:35 pm"},"featured_img_caption":"","featured_img":false,"series_order":"","_links":{"self":[{"href":"https:\/\/mloht.ca\/fr\/wp-json\/wp\/v2\/pages\/84","targetHints":{"allow":["GET"]}}],"collection":[{"href":"https:\/\/mloht.ca\/fr\/wp-json\/wp\/v2\/pages"}],"about":[{"href":"https:\/\/mloht.ca\/fr\/wp-json\/wp\/v2\/types\/page"}],"author":[{"embeddable":true,"href":"https:\/\/mloht.ca\/fr\/wp-json\/wp\/v2\/users\/1"}],"replies":[{"embeddable":true,"href":"https:\/\/mloht.ca\/fr\/wp-json\/wp\/v2\/comments?post=84"}],"version-history":[{"count":3,"href":"https:\/\/mloht.ca\/fr\/wp-json\/wp\/v2\/pages\/84\/revisions"}],"predecessor-version":[{"id":1784,"href":"https:\/\/mloht.ca\/fr\/wp-json\/wp\/v2\/pages\/84\/revisions\/1784"}],"wp:attachment":[{"href":"https:\/\/mloht.ca\/fr\/wp-json\/wp\/v2\/media?parent=84"}],"curies":[{"name":"wp","href":"https:\/\/api.w.org\/{rel}","templated":true}]}}